{"id":984,"date":"2026-03-17T07:24:39","date_gmt":"2026-03-17T06:24:39","guid":{"rendered":"https:\/\/www.cockerspanielclub.sk\/payments"},"modified":"2025-10-15T18:26:22","modified_gmt":"2025-10-15T16:26:22","slug":"payments","status":"publish","type":"page","link":"https:\/\/www.cockerspanielclub.sk\/en\/payments","title":{"rendered":"Payments"},"content":{"rendered":"\t\t<div data-elementor-type=\"wp-page\" data-elementor-id=\"984\" class=\"elementor elementor-984 elementor-433\" data-elementor-post-type=\"page\">\n\t\t\t\t<div class=\"elementor-element elementor-element-7016adcb e-flex e-con-boxed e-con e-parent\" data-id=\"7016adcb\" data-element_type=\"container\" data-e-type=\"container\">\n\t\t\t\t\t<div class=\"e-con-inner\">\n\t\t\t\t<div class=\"elementor-element elementor-element-2ac08de1 elementor-widget elementor-widget-heading\" data-id=\"2ac08de1\" data-element_type=\"widget\" data-e-type=\"widget\" data-widget_type=\"heading.default\">\n\t\t\t\t\t<h1 class=\"elementor-heading-title elementor-size-default\">Payments<\/h1>\t\t\t\t<\/div>\n\t\t\t\t<div class=\"elementor-element elementor-element-764b7b9 elementor-widget elementor-widget-text-editor\" data-id=\"764b7b9\" data-element_type=\"widget\" data-e-type=\"widget\" data-widget_type=\"text-editor.default\">\n\t\t\t\t\t\t\t\t\t<section class=\"elementor-section elementor-top-section elementor-element elementor-element-75b8003e elementor-section-boxed elementor-section-height-default elementor-section-height-default\" data-id=\"75b8003e\" data-element_type=\"section\"><div class=\"elementor-container elementor-column-gap-default\"><div class=\"elementor-column elementor-col-100 elementor-top-column elementor-element elementor-element-3fffc308\" data-id=\"3fffc308\" data-element_type=\"column\"><div class=\"elementor-widget-wrap elementor-element-populated\"><div class=\"elementor-element elementor-element-6ca63f7c elementor-widget elementor-widget-shortcode\" data-id=\"6ca63f7c\" data-element_type=\"widget\" data-widget_type=\"shortcode.default\"><div class=\"elementor-widget-container\"><div class=\"elementor-shortcode\"><div id=\"supsystic-table-1_30108\" class=\"supsystic-tables-wrap \" data-table-width-fixed=\"100%\" data-table-width-mobile=\"100%\"><div id=\"supsystic-table-1_wrapper\" class=\"dataTables_wrapper no-footer\"><table id=\"supsystic-table-1\" class=\"supsystic-table border lightboxImg cell-border dataTable no-footer\" role=\"grid\" data-id=\"1\" data-view-id=\"1_30108\" data-title=\"poplatky\" data-currency-format=\"$1,000.00\" data-percent-format=\"10.00%\" data-date-format=\"DD.MM.YYYY\" data-time-format=\"HH:mm\" data-features=\"[\"after_table_loaded_script\"]\" data-search-value=\"\" data-lightbox-img=\"\" data-head-rows-count=\"1\" data-pagination-length=\"50,100,All\" data-auto-index=\"off\" data-searching-settings=\"{\"columnSearchPosition\":\"bottom\",\"minChars\":\"0\"}\" data-lang=\"default\" data-override=\"{\"emptyTable\":\"\",\"info\":\"\",\"infoEmpty\":\"\",\"infoFiltered\":\"\",\"lengthMenu\":\"\",\"search\":\"\",\"previous\":\"\",\"next\":\"\",\"zeroRecords\":\"\",\"exportLabel\":\"\",\"file\":\"default\"}\" data-merged=\"[]\" data-responsive-mode=\"0\" data-from-history=\"0\"><thead><tr role=\"row\"><th class=\"\" colspan=\"1\" rowspan=\"1\" data-original-value=\"\" data-order=\"\"> <\/th><th class=\"\" colspan=\"1\" rowspan=\"1\" data-original-value=\"\" data-order=\"\"> <\/th><th class=\"\" colspan=\"1\" rowspan=\"1\" data-original-value=\"\" data-order=\"\"> <\/th><th class=\"\" colspan=\"1\" rowspan=\"1\" data-original-value=\"\" data-order=\"\"> <\/th><\/tr><\/thead><tbody><tr class=\"odd\"><td class=\"\" data-cell-id=\"A1\" data-x=\"0\" data-y=\"1\" data-db-index=\"1\" data-cell-type=\"text\" data-original-value=\"\" data-order=\"\"> <\/td><td class=\"htLeft\" data-cell-id=\"B1\" data-x=\"1\" data-y=\"1\" data-db-index=\"1\" data-cell-type=\"text\" data-original-value=\"SUMA\" data-order=\"SUMA\">SUMA<\/td><td class=\"htRight\" data-cell-id=\"C1\" data-x=\"2\" data-y=\"1\" data-db-index=\"1\" data-cell-type=\"text\" data-original-value=\"\" data-order=\"\"> <\/td><td class=\"\" data-cell-id=\"D1\" data-x=\"3\" data-y=\"1\" data-db-index=\"1\" data-cell-type=\"text\" data-original-value=\"VAR. SYMBOL\" data-order=\"VAR. SYMBOL\">VAR. SYMBOL <\/td><\/tr><tr class=\"even\"> <td class=\"\" data-cell-id=\"A2\" data-x=\"0\" data-y=\"2\" data-db-index=\"2\" data-cell-type=\"text\" data-original-value=\"\" data-order=\"\"> <\/td><td class=\"htCenter\" data-cell-id=\"B2\" data-x=\"1\" data-y=\"2\" data-db-index=\"2\" data-cell-type=\"text\" data-original-value=\"\u010dlen\" data-order=\"\u010dlen\">\u010dlen<\/td><td class=\"htCenter\" data-cell-id=\"C2\" data-x=\"2\" data-y=\"2\" data-db-index=\"2\" data-cell-type=\"text\" data-original-value=\"ne\u010dlen\" data-order=\"ne\u010dlen\">ne\u010dlen<\/td><td class=\"\" data-cell-id=\"D2\" data-x=\"3\" data-y=\"2\" data-db-index=\"2\" data-cell-type=\"text\" data-original-value=\"\" data-order=\"\"> <\/td> <\/tr><tr class=\"odd\"><td class=\"\" data-cell-id=\"A3\" data-x=\"0\" data-y=\"3\" data-db-index=\"3\" data-cell-type=\"text\" data-original-value=\"Z\u00e1pisn\u00e9 pri vstupe do klubu\" data-order=\"Z\u00e1pisn\u00e9 pri vstupe do klubu\">Z\u00e1pisn\u00e9 pri vstupe do klubu<\/td><td class=\"\" data-cell-id=\"B3\" data-x=\"1\" data-y=\"3\" data-db-index=\"3\" data-cell-type=\"text\" data-original-value=\"10,00 \u20ac\" data-order=\"10,00 \u20ac\">10,00 \u20ac<\/td><td class=\"\" data-cell-id=\"C3\" data-x=\"2\" data-y=\"3\" data-db-index=\"3\" data-cell-type=\"text\" data-cell-format-type=\"number\" data-original-value=\"\" data-order=\"\"> <\/td><td class=\"\" data-cell-id=\"D3\" data-x=\"3\" data-y=\"3\" data-db-index=\"3\" data-cell-type=\"text\" data-cell-format-type=\"number\" data-original-value=\"01\" data-order=\"01\">01<\/td><\/tr><tr class=\"even\"><td class=\"\" data-cell-id=\"A4\" data-x=\"0\" data-y=\"4\" data-db-index=\"4\" data-cell-type=\"text\" data-original-value=\"\u010clensk\u00e9 na jeden kalend\u00e1rny rok &lt;br&gt;\u010fal\u0161\u00ed rodinn\u00fd pr\u00edslu\u0161n\u00edk&lt;br&gt;d\u00f4chodca &lt;br&gt;osoba do 18 rokov\" data-order=\"\u010clensk\u00e9 na jeden kalend\u00e1rny rok &lt;br&gt;\u010fal\u0161\u00ed rodinn\u00fd pr\u00edslu\u0161n\u00edk&lt;br&gt;d\u00f4chodca &lt;br&gt;osoba do 18 rokov\">\u010clensk\u00e9 na jeden kalend\u00e1rny rok<br>\u010fal\u0161\u00ed rodinn\u00fd pr\u00edslu\u0161n\u00edk<br>d\u00f4chodca<br>osoba do 18 rokov<\/td><td class=\"\" data-cell-id=\"B4\" data-x=\"1\" data-y=\"4\" data-db-index=\"4\" data-cell-type=\"text\" data-original-value=\"20,00 \u20ac&lt;br&gt; 10,00 \u20ac&lt;br&gt; 10,00 \u20ac&lt;br&gt; 10,00 \u20ac\" data-order=\"20,00 \u20ac&lt;br&gt; 10,00 \u20ac&lt;br&gt; 10,00 \u20ac&lt;br&gt; 10,00 \u20ac\">20,00 \u20ac<br>10,00 \u20ac<br>10,00 \u20ac<br>10,00 \u20ac<\/td><td class=\"\" data-cell-id=\"C4\" data-x=\"2\" data-y=\"4\" data-db-index=\"4\" data-cell-type=\"text\" data-cell-format-type=\"number\" data-original-value=\"\" data-order=\"\"> <\/td><td class=\"\" data-cell-id=\"D4\" data-x=\"3\" data-y=\"4\" data-db-index=\"4\" data-cell-type=\"text\" data-cell-format-type=\"number\" data-original-value=\"02\" data-order=\"02\">02<\/td><\/tr><tr class=\"odd\"><td class=\"\" data-cell-id=\"A5\" data-x=\"0\" data-y=\"5\" data-db-index=\"5\" data-cell-type=\"text\" data-original-value=\"Odpor\u00fa\u010danie na krytie do 10 pracovn\u00fdch dn\u00ed\" data-order=\"Odpor\u00fa\u010danie na krytie do 10 pracovn\u00fdch dn\u00ed\">Odpor\u00fa\u010danie na krytie do 10 pracovn\u00fdch dn\u00ed<\/td><td class=\"\" data-cell-id=\"B5\" data-x=\"1\" data-y=\"5\" data-db-index=\"5\" data-cell-type=\"text\" data-original-value=\"20,00\u20ac\" data-order=\"20,00\u20ac\">20,00\u20ac<\/td><td class=\"\" data-cell-id=\"C5\" data-x=\"2\" data-y=\"5\" data-db-index=\"5\" data-cell-type=\"text\" data-cell-format-type=\"number\" data-original-value=\"100,00 \u20ac\" data-order=\"100,00 \u20ac\">100,00 \u20ac<\/td><td class=\"\" data-cell-id=\"D5\" data-x=\"3\" data-y=\"5\" data-db-index=\"5\" data-cell-type=\"text\" data-cell-format-type=\"number\" data-original-value=\"03\" data-order=\"03\">03<\/td><\/tr><tr class=\"even\"><td class=\"\" data-cell-id=\"A6\" data-x=\"0\" data-y=\"6\" data-db-index=\"6\" data-cell-type=\"text\" data-original-value=\"Zmluva o chovate\u013eskom service\" data-order=\"Zmluva o chovate\u013eskom service\">Zmluva o chovate\u013eskom service<\/td><td class=\"\" data-cell-id=\"B6\" data-x=\"1\" data-y=\"6\" data-db-index=\"6\" data-cell-type=\"text\" data-original-value=\"\" data-order=\"\"> <\/td><td class=\"\" data-cell-id=\"C6\" data-x=\"2\" data-y=\"6\" data-db-index=\"6\" data-cell-type=\"text\" data-original-value=\"60,00 \u20ac\/rok\" data-order=\"60,00 \u20ac\/rok\">60,00 \u20ac\/rok<\/td><td class=\"\" data-cell-id=\"D6\" data-x=\"3\" data-y=\"6\" data-db-index=\"6\" data-cell-type=\"text\" data-original-value=\"\" data-order=\"\"> <\/td> <\/tr><tr class=\"odd\"><td class=\"\" data-cell-id=\"A7\" data-x=\"0\" data-y=\"7\" data-db-index=\"7\" data-cell-type=\"text\" data-original-value=\"Z\u00e1pis vrhu\" data-order=\"Z\u00e1pis vrhu\">Z\u00e1pis vrhu<\/td><td class=\"\" data-cell-id=\"B7\" data-x=\"1\" data-y=\"7\" data-db-index=\"7\" data-cell-type=\"text\" data-original-value=\"5,00 \u20ac\/\u0161te\u0148a\" data-order=\"5,00 \u20ac\/\u0161te\u0148a\">5,00 \u20ac\/\u0161te\u0148a<\/td><td class=\"\" data-cell-id=\"C7\" data-x=\"2\" data-y=\"7\" data-db-index=\"7\" data-cell-type=\"text\" data-cell-format-type=\"number\" data-original-value=\"20,00 \u20ac\/\u0161te\u0148a\" data-order=\"20,00 \u20ac\/\u0161te\u0148a\">20,00 \u20ac\/\u0161te\u0148a<\/td><td class=\"\" data-cell-id=\"D7\" data-x=\"3\" data-y=\"7\" data-db-index=\"7\" data-cell-type=\"text\" data-cell-format-type=\"number\" data-original-value=\"05\" data-order=\"05\">05<\/td><\/tr><tr class=\"even\"><td class=\"\" data-cell-id=\"A8\" data-x=\"0\" data-y=\"8\" data-db-index=\"8\" data-cell-type=\"text\" data-original-value=\"Uchovnenie psa\/su\u010dky\" data-order=\"Uchovnenie psa\/su\u010dky\">Uchovnenie psa\/su\u010dky<\/td><td class=\"\" data-cell-id=\"B8\" data-x=\"1\" data-y=\"8\" data-db-index=\"8\" data-cell-type=\"text\" data-original-value=\"20,00 \u20ac\" data-order=\"20,00 \u20ac\">20,00 \u20ac<\/td><td class=\"\" data-cell-id=\"C8\" data-x=\"2\" data-y=\"8\" data-db-index=\"8\" data-cell-type=\"text\" data-cell-format-type=\"number\" data-original-value=\"50,00 \u20ac\" data-order=\"50,00 \u20ac\">50,00 \u20ac<\/td><td class=\"\" data-cell-id=\"D8\" data-x=\"3\" data-y=\"8\" data-db-index=\"8\" data-cell-type=\"text\" data-cell-format-type=\"number\" data-original-value=\"06\" data-order=\"06\">06<\/td><\/tr><tr class=\"odd\"><td class=\"\" data-cell-id=\"A9\" data-x=\"0\" data-y=\"9\" data-db-index=\"9\" data-cell-type=\"text\" data-original-value=\"Uchovnenie importovan\u00e9ho chovn\u00e9ho jedinca\" data-order=\"Uchovnenie importovan\u00e9ho chovn\u00e9ho jedinca\">Uchovnenie importovan\u00e9ho chovn\u00e9ho jedinca<\/td><td class=\"\" data-cell-id=\"B9\" data-x=\"1\" data-y=\"9\" data-db-index=\"9\" data-cell-type=\"text\" data-original-value=\"50,00 \u20ac\" data-order=\"50,00 \u20ac\">50,00 \u20ac<\/td><td class=\"\" data-cell-id=\"C9\" data-x=\"2\" data-y=\"9\" data-db-index=\"9\" data-cell-type=\"text\" data-cell-format-type=\"number\" data-original-value=\"100,00 \u20ac\" data-order=\"100,00 \u20ac\">100,00 \u20ac<\/td><td class=\"\" data-cell-id=\"D9\" data-x=\"3\" data-y=\"9\" data-db-index=\"9\" data-cell-type=\"text\" data-cell-format-type=\"number\" data-original-value=\"06\" data-order=\"06\">06<\/td><\/tr><tr class=\"even\"><td class=\"\" data-cell-id=\"A10\" data-x=\"0\" data-y=\"10\" data-db-index=\"10\" data-cell-type=\"text\" data-original-value=\"Inzercia v spravodaji, klubov\u00fdch katal\u00f3goch\" data-order=\"Inzercia v spravodaji, klubov\u00fdch katal\u00f3goch\">Inzercia v spravodaji, klubov\u00fdch katal\u00f3goch<\/td><td class=\"\" data-cell-id=\"B10\" data-x=\"1\" data-y=\"10\" data-db-index=\"10\" data-cell-type=\"text\" data-original-value=\"10,00 \u20ac\/ 1\/2 strany &lt;br&gt;20,00 \u20ac \/cel\u00e1 strana\" data-order=\"10,00 \u20ac\/ 1\/2 strany &lt;br&gt;20,00 \u20ac \/cel\u00e1 strana\">10,00 \u20ac\/ 1\/2 strany<br>20,00 \u20ac \/cel\u00e1 strana<\/td><td class=\"\" data-cell-id=\"C10\" data-x=\"2\" data-y=\"10\" data-db-index=\"10\" data-cell-type=\"text\" data-cell-format-type=\"number\" data-original-value=\"\" data-order=\"\"> <\/td><td class=\"\" data-cell-id=\"D10\" data-x=\"3\" data-y=\"10\" data-db-index=\"10\" data-cell-type=\"text\" data-cell-format-type=\"number\" data-original-value=\"07\" data-order=\"07\">07<\/td><\/tr><tr class=\"odd\"><td class=\"\" data-cell-id=\"A11\" data-x=\"0\" data-y=\"11\" data-db-index=\"11\" data-cell-type=\"text\" data-original-value=\"Sponzorsk\u00e9\" data-order=\"Sponzorsk\u00e9\">Sponzorsk\u00e9<\/td><td class=\"\" data-cell-id=\"B11\" data-x=\"1\" data-y=\"11\" data-db-index=\"11\" data-cell-type=\"text\" data-original-value=\"\" data-order=\"\"> <\/td><td class=\"\" data-cell-id=\"C11\" data-x=\"2\" data-y=\"11\" data-db-index=\"11\" data-cell-type=\"text\" data-cell-format-type=\"number\" data-original-value=\"\" data-order=\"\"> <\/td><td class=\"\" data-cell-id=\"D11\" data-x=\"3\" data-y=\"11\" data-db-index=\"11\" data-cell-type=\"text\" data-cell-format-type=\"number\" data-original-value=\"08\" data-order=\"08\">08<\/td><\/tr><tr class=\"even\"><td class=\"\" data-cell-id=\"A12\" data-x=\"0\" data-y=\"12\" data-db-index=\"12\" data-cell-type=\"text\" data-original-value=\"Platn\u00e9 od 17.3.2024.\" data-order=\"Platn\u00e9 od 17.3.2024.\">Platn\u00e9 od 17.3.2024.<\/td><td class=\"\" data-cell-id=\"B12\" data-x=\"1\" data-y=\"12\" data-db-index=\"12\" data-cell-type=\"text\" data-original-value=\"\" data-order=\"\"> <\/td><td class=\"\" data-cell-id=\"C12\" data-x=\"2\" data-y=\"12\" data-db-index=\"12\" data-cell-type=\"text\" data-original-value=\"\" data-order=\"\"> <\/td><td class=\"\" data-cell-id=\"D12\" data-x=\"3\" data-y=\"12\" data-db-index=\"12\" data-cell-type=\"text\" data-original-value=\"\" data-order=\"\"> <\/td><\/tr><\/tbody><\/table><\/div><\/div><\/div><\/div><\/div><\/div><\/div><\/div><\/section><section class=\"elementor-section elementor-top-section elementor-element elementor-element-463c4c66 elementor-section-boxed elementor-section-height-default elementor-section-height-default\" data-id=\"463c4c66\" data-element_type=\"section\"><div class=\"elementor-container elementor-column-gap-default\"><div class=\"elementor-column elementor-col-100 elementor-top-column elementor-element elementor-element-39fd28bb\" data-id=\"39fd28bb\" data-element_type=\"column\"><div class=\"elementor-widget-wrap elementor-element-populated\"><div class=\"elementor-element elementor-element-20d577a2 elementor-widget elementor-widget-text-editor\" data-id=\"20d577a2\" data-element_type=\"widget\" data-widget_type=\"text-editor.default\"><div class=\"elementor-widget-container\"><h2 class=\"style61 style63\" align=\"center\">Bank account<\/h2><div class=\"style61\" align=\"center\"><p>Tatra Banka a.s., Bratislava, \u010d\u00edslo \u00fa\u010dtu: <strong>262 50 29 945\/1100<\/strong><br>IBAN: <strong>SK 96 1100 0000 0026 2502 9945<\/strong><br>SWIFT: TATRSKBX<\/p><p><span class=\"style62\">Adresa klubu pre platby po\u0161tovou pouk\u00e1\u017ekou:<\/span><br>\n  <span class=\"style62\">Cockerspaniel Club pri SPZ, \u0160tef\u00e1nikova 10, 811 05 Bratislava<\/span>\n<\/p><\/div><\/div><\/div><\/div><\/div><\/div><\/section>\t\t\t\t\t\t\t\t<\/div>\n\t\t\t\t\t<\/div>\n\t\t\t\t<\/div>\n\t\t\t\t<\/div>\n\t\t","protected":false},"excerpt":{"rendered":"<p>Payments SUMA VAR. SYMBOL \u010dlen ne\u010dlen Z\u00e1pisn\u00e9 pri vstupe do klubu 10,00 \u20ac 01 \u010clensk\u00e9 na jeden kalend\u00e1rny rok\u010fal\u0161\u00ed rodinn\u00fd pr\u00edslu\u0161n\u00edkd\u00f4chodcaosoba do 18 rokov 20,00 \u20ac10,00 \u20ac10,00 \u20ac10,00 \u20ac 02 Odpor\u00fa\u010danie na krytie do 10 pracovn\u00fdch dn\u00ed 20,00\u20ac 100,00 \u20ac 03 Zmluva o chovate\u013eskom service 60,00 \u20ac\/rok Z\u00e1pis vrhu 5,00 \u20ac\/\u0161te\u0148a 20,00 \u20ac\/\u0161te\u0148a 05 Uchovnenie [&hellip;]<\/p>\n","protected":false},"author":1,"featured_media":0,"parent":0,"menu_order":0,"comment_status":"closed","ping_status":"closed","template":"","meta":{"iawp_total_views":10,"footnotes":""},"class_list":["post-984","page","type-page","status-publish","hentry"],"_links":{"self":[{"href":"https:\/\/www.cockerspanielclub.sk\/en\/wp-json\/wp\/v2\/pages\/984","targetHints":{"allow":["GET"]}}],"collection":[{"href":"https:\/\/www.cockerspanielclub.sk\/en\/wp-json\/wp\/v2\/pages"}],"about":[{"href":"https:\/\/www.cockerspanielclub.sk\/en\/wp-json\/wp\/v2\/types\/page"}],"author":[{"embeddable":true,"href":"https:\/\/www.cockerspanielclub.sk\/en\/wp-json\/wp\/v2\/users\/1"}],"replies":[{"embeddable":true,"href":"https:\/\/www.cockerspanielclub.sk\/en\/wp-json\/wp\/v2\/comments?post=984"}],"version-history":[{"count":0,"href":"https:\/\/www.cockerspanielclub.sk\/en\/wp-json\/wp\/v2\/pages\/984\/revisions"}],"wp:attachment":[{"href":"https:\/\/www.cockerspanielclub.sk\/en\/wp-json\/wp\/v2\/media?parent=984"}],"curies":[{"name":"wp","href":"https:\/\/api.w.org\/{rel}","templated":true}]}}