{"id":979,"date":"2025-12-04T21:31:59","date_gmt":"2025-12-04T20:31:59","guid":{"rendered":"https:\/\/www.cockerspanielclub.sk\/?page_id=979"},"modified":"2026-03-17T07:28:51","modified_gmt":"2026-03-17T06:28:51","slug":"membership","status":"publish","type":"page","link":"https:\/\/www.cockerspanielclub.sk\/en\/membership","title":{"rendered":"Membership"},"content":{"rendered":"\t\t<div data-elementor-type=\"wp-page\" data-elementor-id=\"979\" class=\"elementor elementor-979 elementor-416\" data-elementor-post-type=\"page\">\n\t\t\t\t<div class=\"elementor-element elementor-element-3178fd0c e-flex e-con-boxed e-con e-parent\" data-id=\"3178fd0c\" data-element_type=\"container\" data-e-type=\"container\">\n\t\t\t\t\t<div class=\"e-con-inner\">\n\t\t\t\t<div class=\"elementor-element elementor-element-e01bb93 elementor-widget elementor-widget-heading\" data-id=\"e01bb93\" data-element_type=\"widget\" data-e-type=\"widget\" data-widget_type=\"heading.default\">\n\t\t\t\t\t<h2 class=\"elementor-heading-title elementor-size-default\">Membership<\/h2>\t\t\t\t<\/div>\n\t\t\t\t\t<\/div>\n\t\t\t\t<\/div>\n\t\t<div class=\"elementor-element elementor-element-aaeffa4 e-flex e-con-boxed e-con e-parent\" data-id=\"aaeffa4\" data-element_type=\"container\" data-e-type=\"container\">\n\t\t\t\t\t<div class=\"e-con-inner\">\n\t\t\t\t<div class=\"elementor-element elementor-element-27cd7fd elementor-widget elementor-widget-text-editor\" data-id=\"27cd7fd\" data-element_type=\"widget\" data-e-type=\"widget\" data-widget_type=\"text-editor.default\">\n\t\t\t\t\t\t\t\t\t<p style=\"text-align: left;\"><strong>Cocker Spaniel Club Slovakia, Slia\u010dska 2, 831 02 Bratislava<\/strong><\/p><p style=\"text-align: left;\">Membership application to the club of English Cocker Spaniel breeders and owners<\/p><p style=\"text-align: left;\">I apply to be accepted as a member and declare that I will comply with the provisions of the organizational rules and resolutions of the club&#8217;s bodies.<\/p><p style=\"text-align: left;\">Before submitting the application, do not forget to pay the membership and registration fee.<br \/>Cockerspaniel Club fee list.<\/p>\t\t\t\t\t\t\t\t<\/div>\n\t\t\t\t<div class=\"elementor-element elementor-element-73d57c6 elementor-align-justify elementor-widget elementor-widget-button\" data-id=\"73d57c6\" data-element_type=\"widget\" data-e-type=\"widget\" data-widget_type=\"button.default\">\n\t\t\t\t\t\t\t\t\t\t<a class=\"elementor-button elementor-button-link elementor-size-sm\" href=\"https:\/\/www.cockerspanielclub.sk\/wp-content\/uploads\/2025\/10\/prihlaska-clen-en.doc\">\n\t\t\t\t\t\t<span class=\"elementor-button-content-wrapper\">\n\t\t\t\t\t\t\t\t\t<span class=\"elementor-button-text\">Membership application to download<\/span>\n\t\t\t\t\t<\/span>\n\t\t\t\t\t<\/a>\n\t\t\t\t\t\t\t\t<\/div>\n\t\t\t\t<div class=\"elementor-element elementor-element-5113e1d elementor-button-align-stretch elementor-widget elementor-widget-form\" data-id=\"5113e1d\" data-element_type=\"widget\" data-e-type=\"widget\" data-settings=\"{&quot;step_next_label&quot;:&quot;\\u010eal\\u0161ie&quot;,&quot;step_previous_label&quot;:&quot;Predo\\u0161l\\u00e9&quot;,&quot;button_width&quot;:&quot;100&quot;,&quot;step_type&quot;:&quot;number_text&quot;,&quot;step_icon_shape&quot;:&quot;circle&quot;}\" data-widget_type=\"form.default\">\n\t\t\t\t\t\t\t<form class=\"elementor-form\" method=\"post\" name=\"Prihl\u00e1\u0161ka do klubu EN\" aria-label=\"Prihl\u00e1\u0161ka do klubu EN\">\n\t\t\t<input type=\"hidden\" name=\"post_id\" value=\"979\"\/>\n\t\t\t<input type=\"hidden\" name=\"form_id\" value=\"5113e1d\"\/>\n\t\t\t<input type=\"hidden\" name=\"referer_title\" value=\"\" \/>\n\n\t\t\t\n\t\t\t<div class=\"elementor-form-fields-wrapper elementor-labels-above\">\n\t\t\t\t\t\t\t\t<div class=\"elementor-field-type-text elementor-field-group elementor-column elementor-field-group-name elementor-col-100\">\n\t\t\t\t\t\t\t\t\t\t\t\t\t<input size=\"1\" type=\"text\" name=\"form_fields[name]\" id=\"form-field-name\" class=\"elementor-field elementor-size-sm  elementor-field-textual\" placeholder=\"Full Name\">\n\t\t\t\t\t\t\t\t\t\t\t<\/div>\n\t\t\t\t\t\t\t\t<div class=\"elementor-field-type-textarea elementor-field-group elementor-column elementor-field-group-email elementor-col-50 elementor-field-required\">\n\t\t\t\t\t<textarea class=\"elementor-field-textual elementor-field  elementor-size-sm\" name=\"form_fields[email]\" id=\"form-field-email\" rows=\"4\" placeholder=\"DOB\" required=\"required\"><\/textarea>\t\t\t\t<\/div>\n\t\t\t\t\t\t\t\t<div class=\"elementor-field-type-textarea elementor-field-group elementor-column elementor-field-group-field_f894bf5 elementor-col-50 elementor-field-required\">\n\t\t\t\t\t<textarea class=\"elementor-field-textual elementor-field  elementor-size-sm\" name=\"form_fields[field_f894bf5]\" id=\"form-field-field_f894bf5\" rows=\"4\" placeholder=\"in\" required=\"required\"><\/textarea>\t\t\t\t<\/div>\n\t\t\t\t\t\t\t\t<div class=\"elementor-field-type-textarea elementor-field-group elementor-column elementor-field-group-field_4ba8b70 elementor-col-50\">\n\t\t\t\t\t<textarea class=\"elementor-field-textual elementor-field  elementor-size-sm\" name=\"form_fields[field_4ba8b70]\" id=\"form-field-field_4ba8b70\" rows=\"1\" placeholder=\"Occupation\"><\/textarea>\t\t\t\t<\/div>\n\t\t\t\t\t\t\t\t<div class=\"elementor-field-type-text elementor-field-group elementor-column elementor-field-group-field_d5872d4 elementor-col-50 elementor-field-required\">\n\t\t\t\t\t\t\t\t\t\t\t\t\t<input size=\"1\" type=\"text\" name=\"form_fields[field_d5872d4]\" id=\"form-field-field_d5872d4\" class=\"elementor-field elementor-size-sm  elementor-field-textual\" placeholder=\"Nationality\" required=\"required\">\n\t\t\t\t\t\t\t\t\t\t\t<\/div>\n\t\t\t\t\t\t\t\t<div class=\"elementor-field-type-textarea elementor-field-group elementor-column elementor-field-group-field_d273f9c elementor-col-100 elementor-field-required\">\n\t\t\t\t\t<textarea class=\"elementor-field-textual elementor-field  elementor-size-sm\" name=\"form_fields[field_d273f9c]\" id=\"form-field-field_d273f9c\" rows=\"4\" placeholder=\"Address\" required=\"required\"><\/textarea>\t\t\t\t<\/div>\n\t\t\t\t\t\t\t\t<div class=\"elementor-field-type-text elementor-field-group elementor-column elementor-field-group-field_0786732 elementor-col-50 elementor-field-required\">\n\t\t\t\t\t\t\t\t\t\t\t\t\t<input size=\"1\" type=\"text\" name=\"form_fields[field_0786732]\" id=\"form-field-field_0786732\" class=\"elementor-field elementor-size-sm  elementor-field-textual\" placeholder=\"ZIP Code\" required=\"required\">\n\t\t\t\t\t\t\t\t\t\t\t<\/div>\n\t\t\t\t\t\t\t\t<div class=\"elementor-field-type-text\">\n\t\t\t\t\t<input size=\"1\" type=\"text\" name=\"form_fields[field_c318ca1]\" id=\"form-field-field_c318ca1\" class=\"elementor-field elementor-size-sm \" style=\"display:none !important;\">\t\t\t\t<\/div>\n\t\t\t\t\t\t\t\t<div class=\"elementor-field-type-text elementor-field-group elementor-column elementor-field-group-field_2643951 elementor-col-50 elementor-field-required\">\n\t\t\t\t\t\t\t\t\t\t\t\t\t<input size=\"1\" type=\"text\" name=\"form_fields[field_2643951]\" id=\"form-field-field_2643951\" class=\"elementor-field elementor-size-sm  elementor-field-textual\" placeholder=\"E-mail\" required=\"required\">\n\t\t\t\t\t\t\t\t\t\t\t<\/div>\n\t\t\t\t\t\t\t\t<div class=\"elementor-field-type-text elementor-field-group elementor-column elementor-field-group-field_c67b685 elementor-col-50\">\n\t\t\t\t\t\t\t\t\t\t\t\t\t<input size=\"1\" type=\"text\" name=\"form_fields[field_c67b685]\" id=\"form-field-field_c67b685\" class=\"elementor-field elementor-size-sm  elementor-field-textual\" placeholder=\"Phone land line\">\n\t\t\t\t\t\t\t\t\t\t\t<\/div>\n\t\t\t\t\t\t\t\t<div class=\"elementor-field-type-text elementor-field-group elementor-column elementor-field-group-field_1992c29 elementor-col-50 elementor-field-required\">\n\t\t\t\t\t\t\t\t\t\t\t\t\t<input size=\"1\" type=\"text\" name=\"form_fields[field_1992c29]\" id=\"form-field-field_1992c29\" class=\"elementor-field elementor-size-sm  elementor-field-textual\" placeholder=\"Mobil Phone\" required=\"required\">\n\t\t\t\t\t\t\t\t\t\t\t<\/div>\n\t\t\t\t\t\t\t\t<div class=\"elementor-field-type-text elementor-field-group elementor-column elementor-field-group-field_594d92f elementor-col-80 elementor-field-required\">\n\t\t\t\t\t\t\t\t\t\t\t\t\t<input size=\"1\" type=\"text\" name=\"form_fields[field_594d92f]\" id=\"form-field-field_594d92f\" class=\"elementor-field elementor-size-sm  elementor-field-textual\" placeholder=\"I am the owner of the breed\" required=\"required\">\n\t\t\t\t\t\t\t\t\t\t\t<\/div>\n\t\t\t\t\t\t\t\t<div class=\"elementor-field-type-text elementor-field-group elementor-column elementor-field-group-field_6c737ef elementor-col-100\">\n\t\t\t\t\t\t\t\t\t\t\t\t\t<input size=\"1\" type=\"text\" name=\"form_fields[field_6c737ef]\" id=\"form-field-field_6c737ef\" class=\"elementor-field elementor-size-sm  elementor-field-textual\">\n\t\t\t\t\t\t\t\t\t\t\t<\/div>\n\t\t\t\t\t\t\t\t<div class=\"elementor-field-type-text elementor-field-group elementor-column elementor-field-group-field_4edb077 elementor-col-20 elementor-field-required\">\n\t\t\t\t\t\t\t\t\t\t\t\t\t<input size=\"1\" type=\"text\" name=\"form_fields[field_4edb077]\" id=\"form-field-field_4edb077\" class=\"elementor-field elementor-size-sm  elementor-field-textual\" placeholder=\"from year\" required=\"required\">\n\t\t\t\t\t\t\t\t\t\t\t<\/div>\n\t\t\t\t\t\t\t\t<div class=\"elementor-field-type-text elementor-field-group elementor-column elementor-field-group-field_6eeed48 elementor-col-80 elementor-field-required\">\n\t\t\t\t\t\t\t\t\t\t\t\t\t<input size=\"1\" type=\"text\" name=\"form_fields[field_6eeed48]\" id=\"form-field-field_6eeed48\" class=\"elementor-field elementor-size-sm  elementor-field-textual\" placeholder=\"I am a breeder\" required=\"required\">\n\t\t\t\t\t\t\t\t\t\t\t<\/div>\n\t\t\t\t\t\t\t\t<div class=\"elementor-field-type-text elementor-field-group elementor-column elementor-field-group-field_1ca5904 elementor-col-20 elementor-field-required\">\n\t\t\t\t\t\t\t\t\t\t\t\t\t<input size=\"1\" type=\"text\" name=\"form_fields[field_1ca5904]\" id=\"form-field-field_1ca5904\" class=\"elementor-field elementor-size-sm  elementor-field-textual\" placeholder=\"from year\" required=\"required\">\n\t\t\t\t\t\t\t\t\t\t\t<\/div>\n\t\t\t\t\t\t\t\t<div class=\"elementor-field-type-text elementor-field-group elementor-column elementor-field-group-field_5df9193 elementor-col-100 elementor-field-required\">\n\t\t\t\t\t\t\t\t\t\t\t\t\t<input size=\"1\" type=\"text\" name=\"form_fields[field_5df9193]\" id=\"form-field-field_5df9193\" class=\"elementor-field elementor-size-sm  elementor-field-textual\" placeholder=\"I have a protected kennel name\" required=\"required\">\n\t\t\t\t\t\t\t\t\t\t\t<\/div>\n\t\t\t\t\t\t\t\t<div class=\"elementor-field-type-text\">\n\t\t\t\t\t<input size=\"1\" type=\"text\" name=\"form_fields[field_1f5cafb]\" id=\"form-field-field_1f5cafb\" class=\"elementor-field elementor-size-sm \" style=\"display:none !important;\">\t\t\t\t<\/div>\n\t\t\t\t\t\t\t\t<div class=\"elementor-field-type-text elementor-field-group elementor-column elementor-field-group-field_5e74ec7 elementor-col-100 elementor-field-required\">\n\t\t\t\t\t\t\t\t\t\t\t\t\t<input size=\"1\" type=\"text\" name=\"form_fields[field_5e74ec7]\" id=\"form-field-field_5e74ec7\" class=\"elementor-field elementor-size-sm  elementor-field-textual\" placeholder=\"registration number\" required=\"required\">\n\t\t\t\t\t\t\t\t\t\t\t<\/div>\n\t\t\t\t\t\t\t\t<div class=\"elementor-field-type-text elementor-field-group elementor-column elementor-field-group-field_c3e44df elementor-col-100 elementor-field-required\">\n\t\t\t\t\t\t\t\t\t\t\t\t\t<input size=\"1\" type=\"text\" name=\"form_fields[field_c3e44df]\" id=\"form-field-field_c3e44df\" class=\"elementor-field elementor-size-sm  elementor-field-textual\" placeholder=\"Member SPZ in\" required=\"required\">\n\t\t\t\t\t\t\t\t\t\t\t<\/div>\n\t\t\t\t\t\t\t\t<div class=\"elementor-field-type-text elementor-field-group elementor-column elementor-field-group-field_fdf0222 elementor-col-70 elementor-field-required\">\n\t\t\t\t\t\t\t\t\t\t\t\t\t<input size=\"1\" type=\"text\" name=\"form_fields[field_fdf0222]\" id=\"form-field-field_fdf0222\" class=\"elementor-field elementor-size-sm  elementor-field-textual\" placeholder=\"In\" required=\"required\">\n\t\t\t\t\t\t\t\t\t\t\t<\/div>\n\t\t\t\t\t\t\t\t<div class=\"elementor-field-type-text elementor-field-group elementor-column elementor-field-group-field_c1d1f45 elementor-col-30\">\n\t\t\t\t\t\t\t\t\t\t\t\t\t<input size=\"1\" type=\"text\" name=\"form_fields[field_c1d1f45]\" id=\"form-field-field_c1d1f45\" class=\"elementor-field elementor-size-sm  elementor-field-textual\" placeholder=\"Date\">\n\t\t\t\t\t\t\t\t\t\t\t<\/div>\n\t\t\t\t\t\t\t\t<div class=\"elementor-field-type-upload elementor-field-group elementor-column elementor-field-group-field_43eebca elementor-col-100 elementor-field-required\">\n\t\t\t\t\t\t\t\t\t\t\t\t<label for=\"form-field-field_43eebca\" class=\"elementor-field-label\">\n\t\t\t\t\t\t\t\tUpload the scanned confirmation of payment of the membership fee here. Please adhere to the optimal file size. Allowed max. 3MB, jpg, jepg, pdf, png.\t\t\t\t\t\t\t<\/label>\n\t\t\t\t\t\t\t\t<input type=\"file\" name=\"form_fields[field_43eebca]\" id=\"form-field-field_43eebca\" class=\"elementor-field elementor-size-sm  elementor-upload-field\" required=\"required\">\n\n\t\t\t\t\t\t<\/div>\n\t\t\t\t\t\t\t\t<div class=\"elementor-field-type-acceptance elementor-field-group elementor-column elementor-field-group-field_e0ada56 elementor-col-100 elementor-field-required\">\n\t\t\t\t\t\t\t<div class=\"elementor-field-subgroup\">\n\t\t\t<span class=\"elementor-field-option\">\n\t\t\t\t<input type=\"checkbox\" name=\"form_fields[field_e0ada56]\" id=\"form-field-field_e0ada56\" class=\"elementor-field elementor-size-sm  elementor-acceptance-field\" required=\"required\">\n\t\t\t\t<label for=\"form-field-field_e0ada56\">I agree to the processing and publication of my personal data by the civil association COCKERSPANIEL CLUB.<\/label>\t\t\t<\/span>\n\t\t<\/div>\n\t\t\t\t\t\t<\/div>\n\t\t\t\t\t\t\t\t<div class=\"elementor-field-type-text\">\n\t\t\t\t\t<input size=\"1\" type=\"text\" name=\"form_fields[field_7c327ef]\" id=\"form-field-field_7c327ef\" class=\"elementor-field elementor-size-sm \" style=\"display:none !important;\">\t\t\t\t<\/div>\n\t\t\t\t\t\t\t\t<div class=\"elementor-field-group elementor-column elementor-field-type-submit elementor-col-100 e-form__buttons\">\n\t\t\t\t\t<button class=\"elementor-button elementor-size-sm\" type=\"submit\">\n\t\t\t\t\t\t<span class=\"elementor-button-content-wrapper\">\n\t\t\t\t\t\t\t\t\t\t\t\t\t\t\t\t\t\t\t\t\t\t<span class=\"elementor-button-text\">S E N D<\/span>\n\t\t\t\t\t\t\t\t\t\t\t\t\t<\/span>\n\t\t\t\t\t<\/button>\n\t\t\t\t<\/div>\n\t\t\t<\/div>\n\t\t<\/form>\n\t\t\t\t\t\t<\/div>\n\t\t\t\t<div class=\"elementor-element elementor-element-5d7d5d1 elementor-widget elementor-widget-text-editor\" data-id=\"5d7d5d1\" data-element_type=\"widget\" data-e-type=\"widget\" data-widget_type=\"text-editor.default\">\n\t\t\t\t\t\t\t\t\t<h4>Fees<\/h4><p><strong>Registration fee for joining the club<\/strong> &#8211; \u20ac20.00 | variable symbol 01<\/p><p id=\"tw-target-text\" class=\"tw-data-text tw-text-large tw-ta\" dir=\"ltr\" tabindex=\"-1\" role=\"text\" data-placeholder=\"Preklad\" data-ved=\"2ahUKEwjuup6h8LCQAxUrKvsDHUEbNRQQ3ewLegQICxAV\" aria-label=\"Prelo\u017een\u00fd text: Membership for one calendar year\"><strong><span class=\"Y2IQFc\" lang=\"en\">Membership for one calendar year <\/span><\/strong>&#8211; 25,00 \u20ac | variable symbol 02<\/p><p id=\"tw-target-text\" class=\"tw-data-text tw-text-large tw-ta\" dir=\"ltr\" tabindex=\"-1\" role=\"text\" data-placeholder=\"Preklad\" data-ved=\"2ahUKEwjuup6h8LCQAxUrKvsDHUEbNRQQ3ewLegQICxAV\" aria-label=\"Prelo\u017een\u00fd text: Another family member\"><strong><span class=\"Y2IQFc\" lang=\"en\">Another family member <\/span><\/strong>&#8211; 15,00 \u20ac | variable symbol 02<\/p><p id=\"tw-target-text\" class=\"tw-data-text tw-text-large tw-ta\" dir=\"ltr\" tabindex=\"-1\" role=\"text\" data-placeholder=\"Preklad\" data-ved=\"2ahUKEwjuup6h8LCQAxUrKvsDHUEbNRQQ3ewLegQICxAV\" aria-label=\"Prelo\u017een\u00fd text: Pensioner\"><strong><span class=\"Y2IQFc\" lang=\"en\">Pensioner <\/span><\/strong>&#8211; 15,00 \u20ac | variable symbol 02<\/p><p id=\"tw-target-text\" class=\"tw-data-text tw-text-large tw-ta\" dir=\"ltr\" tabindex=\"-1\" role=\"text\" data-placeholder=\"Preklad\" data-ved=\"2ahUKEwjuup6h8LCQAxUrKvsDHUEbNRQQ3ewLegQICxAV\" aria-label=\"Prelo\u017een\u00fd text: A person under 18 years of age\"><strong><span class=\"Y2IQFc\" lang=\"en\">A person under 18 years of age <\/span><\/strong>&#8211; 15,00 \u20ac | variable symbol 02<\/p><p><strong>Sponsorship<\/strong> | variable symbol 08<\/p><h2 align=\"center\">Bank account<\/h2><div align=\"center\"><p>Tatra Banka a.s., Bratislava, \u010d\u00edslo \u00fa\u010dtu:\u00a0262 50 29 945\/1100<br \/>IBAN:\u00a0SK 96 1100 0000 0026 2502 9945<br \/>SWIFT:\u00a0TATRSKBX<\/p><p><b>Club address:<br \/>Cockerspaniel Club pri SPZ, Slia\u010dska 2, 831 02 Bratislava<\/b><\/p><\/div>\t\t\t\t\t\t\t\t<\/div>\n\t\t\t\t\t<\/div>\n\t\t\t\t<\/div>\n\t\t\t\t<\/div>\n\t\t","protected":false},"excerpt":{"rendered":"<p>Membership Cocker Spaniel Club Slovakia, Slia\u010dska 2, 831 02 Bratislava Membership application to the club of English Cocker Spaniel breeders and owners I apply to be accepted as a member and declare that I will comply with the provisions of the organizational rules and resolutions of the club&#8217;s bodies. Before submitting the application, do not [&hellip;]<\/p>\n","protected":false},"author":1,"featured_media":0,"parent":0,"menu_order":0,"comment_status":"closed","ping_status":"closed","template":"","meta":{"iawp_total_views":22,"footnotes":""},"class_list":["post-979","page","type-page","status-publish","hentry"],"_links":{"self":[{"href":"https:\/\/www.cockerspanielclub.sk\/en\/wp-json\/wp\/v2\/pages\/979","targetHints":{"allow":["GET"]}}],"collection":[{"href":"https:\/\/www.cockerspanielclub.sk\/en\/wp-json\/wp\/v2\/pages"}],"about":[{"href":"https:\/\/www.cockerspanielclub.sk\/en\/wp-json\/wp\/v2\/types\/page"}],"author":[{"embeddable":true,"href":"https:\/\/www.cockerspanielclub.sk\/en\/wp-json\/wp\/v2\/users\/1"}],"replies":[{"embeddable":true,"href":"https:\/\/www.cockerspanielclub.sk\/en\/wp-json\/wp\/v2\/comments?post=979"}],"version-history":[{"count":0,"href":"https:\/\/www.cockerspanielclub.sk\/en\/wp-json\/wp\/v2\/pages\/979\/revisions"}],"wp:attachment":[{"href":"https:\/\/www.cockerspanielclub.sk\/en\/wp-json\/wp\/v2\/media?parent=979"}],"curies":[{"name":"wp","href":"https:\/\/api.w.org\/{rel}","templated":true}]}}