{"id":962,"date":"2026-02-02T21:48:59","date_gmt":"2026-02-02T20:48:59","guid":{"rendered":"https:\/\/www.cockerspanielclub.sk\/kennels"},"modified":"2026-02-02T21:50:18","modified_gmt":"2026-02-02T20:50:18","slug":"kennels","status":"publish","type":"page","link":"https:\/\/www.cockerspanielclub.sk\/en\/kennels","title":{"rendered":"Kennels"},"content":{"rendered":"\t\t<div data-elementor-type=\"wp-page\" data-elementor-id=\"962\" class=\"elementor elementor-962 elementor-352\" data-elementor-post-type=\"page\">\n\t\t\t\t<div class=\"elementor-element elementor-element-21837b17 e-flex e-con-boxed e-con e-parent\" data-id=\"21837b17\" data-element_type=\"container\" data-e-type=\"container\">\n\t\t\t\t\t<div class=\"e-con-inner\">\n\t\t<div class=\"elementor-element elementor-element-f55222a e-con-full e-flex e-con e-child\" data-id=\"f55222a\" data-element_type=\"container\" data-e-type=\"container\">\n\t\t\t\t<div class=\"elementor-element elementor-element-33d55a80 elementor-widget elementor-widget-heading\" data-id=\"33d55a80\" data-element_type=\"widget\" data-e-type=\"widget\" data-widget_type=\"heading.default\">\n\t\t\t\t\t<h2 class=\"elementor-heading-title elementor-size-default\">Kennels<\/h2>\t\t\t\t<\/div>\n\t\t\t\t<div class=\"elementor-element elementor-element-404179d7 elementor-widget elementor-widget-text-editor\" data-id=\"404179d7\" data-element_type=\"widget\" data-e-type=\"widget\" data-widget_type=\"text-editor.default\">\n\t\t\t\t\t\t\t\t\t<p><a href=\"https:\/\/www.facebook.com\/alena.kelesiova\">BARI ROSE,<\/a> Alena Kele\u0161iov\u00e1<\/p><p><span class=\"style50\"><a href=\"http:\/\/www.cocker.sk\/dandy\/\" target=\"_blank\" rel=\"noopener\">DRYCASTLE<\/a><\/span><span class=\"style50\">, MU<\/span>Dr. Eva Felszeghyov\u00e1<\/p><p><a href=\"https:\/\/www.facebook.com\/anglickykokerspaniel\">DARK KATUSHA<\/a>, Katar\u00edna Ottm\u00e1rov\u00e1<\/p><div><p><a href=\"https:\/\/www.felioras.com\">FELIORA\u00b4S<\/a>, Laura Husar\u010d\u00edkov\u00e1<\/p><\/div><p>LOVELY COCKER PARADISE, Veronika Rakovsk\u00e1<\/p><p><a href=\"https:\/\/molly-monet-sk.webnode.sk\/\" target=\"_blank\" rel=\"noopener\">MOLLY MONET<\/a>, Viola Rajjov\u00e1<\/p><p><a href=\"http:\/\/www.tobistar.eu\/anglicky-kokerspaniel\/\">TOBI MIRACLE STAR<\/a>, Iveta Uhrov\u00e1<\/p><p><span class=\"style50\"><a href=\"https:\/\/www.cockerspanielclub.sk\/wp-content\/uploads\/2025\/10\/kennel-z-bojnickych-udolov-en-v2.pdf\">Z BOJNICK\u00ddCH \u00daDOLOV<\/a>, Pavol Levick\u00fd<\/span><\/p><p><a href=\"https:\/\/www.facebook.com\/stanislav.benda.71\">Z BREKOVSK\u00c9HO POHRADIA<\/a>, Stanislav Benda<\/p><p><a href=\"http:\/\/www.zozoborskychlesov.sk\/\">ZO ZOBORSK\u00ddCH LESOV<\/a>, Martina Bariak<\/p>\t\t\t\t\t\t\t\t<\/div>\n\t\t\t\t<\/div>\n\t\t<div class=\"elementor-element elementor-element-552c77fe e-con-full e-flex e-con e-child\" data-id=\"552c77fe\" data-element_type=\"container\" data-e-type=\"container\">\n\t\t\t\t<div class=\"elementor-element elementor-element-34fecdf7 elementor-widget elementor-widget-image\" data-id=\"34fecdf7\" data-element_type=\"widget\" data-e-type=\"widget\" data-widget_type=\"image.default\">\n\t\t\t\t\t\t\t\t\t\t\t\t\t\t\t<img fetchpriority=\"high\" decoding=\"async\" width=\"786\" height=\"1030\" src=\"https:\/\/www.cockerspanielclub.sk\/wp-content\/uploads\/2025\/10\/chovatelske-stanice.avif\" class=\"attachment-full size-full wp-image-961\" alt=\"\" srcset=\"https:\/\/www.cockerspanielclub.sk\/wp-content\/uploads\/2025\/10\/chovatelske-stanice.avif 786w, https:\/\/www.cockerspanielclub.sk\/wp-content\/uploads\/2025\/10\/chovatelske-stanice-768x1006.jpg 768w\" sizes=\"(max-width: 786px) 100vw, 786px\" \/>\t\t\t\t\t\t\t\t\t\t\t\t\t\t\t<\/div>\n\t\t\t\t<\/div>\n\t\t\t\t\t<\/div>\n\t\t\t\t<\/div>\n\t\t\t\t<\/div>\n\t\t","protected":false},"excerpt":{"rendered":"<p>Kennels BARI ROSE, Alena Kele\u0161iov\u00e1 DRYCASTLE, MUDr. Eva Felszeghyov\u00e1 DARK KATUSHA, Katar\u00edna Ottm\u00e1rov\u00e1 FELIORA\u00b4S, Laura Husar\u010d\u00edkov\u00e1 LOVELY COCKER PARADISE, Veronika Rakovsk\u00e1 MOLLY MONET, Viola Rajjov\u00e1 TOBI MIRACLE STAR, Iveta Uhrov\u00e1 Z BOJNICK\u00ddCH \u00daDOLOV, Pavol Levick\u00fd Z BREKOVSK\u00c9HO POHRADIA, Stanislav Benda ZO ZOBORSK\u00ddCH LESOV, Martina Bariak<\/p>\n","protected":false},"author":1,"featured_media":0,"parent":0,"menu_order":0,"comment_status":"closed","ping_status":"closed","template":"","meta":{"iawp_total_views":158,"footnotes":""},"class_list":["post-962","page","type-page","status-publish","hentry"],"_links":{"self":[{"href":"https:\/\/www.cockerspanielclub.sk\/en\/wp-json\/wp\/v2\/pages\/962","targetHints":{"allow":["GET"]}}],"collection":[{"href":"https:\/\/www.cockerspanielclub.sk\/en\/wp-json\/wp\/v2\/pages"}],"about":[{"href":"https:\/\/www.cockerspanielclub.sk\/en\/wp-json\/wp\/v2\/types\/page"}],"author":[{"embeddable":true,"href":"https:\/\/www.cockerspanielclub.sk\/en\/wp-json\/wp\/v2\/users\/1"}],"replies":[{"embeddable":true,"href":"https:\/\/www.cockerspanielclub.sk\/en\/wp-json\/wp\/v2\/comments?post=962"}],"version-history":[{"count":0,"href":"https:\/\/www.cockerspanielclub.sk\/en\/wp-json\/wp\/v2\/pages\/962\/revisions"}],"wp:attachment":[{"href":"https:\/\/www.cockerspanielclub.sk\/en\/wp-json\/wp\/v2\/media?parent=962"}],"curies":[{"name":"wp","href":"https:\/\/api.w.org\/{rel}","templated":true}]}}