{"id":2388,"date":"2025-12-20T18:29:32","date_gmt":"2025-12-20T17:29:32","guid":{"rendered":"https:\/\/www.cockerspanielclub.sk\/club-show-2026"},"modified":"2026-02-05T21:09:59","modified_gmt":"2026-02-05T20:09:59","slug":"club-show-2026","status":"publish","type":"page","link":"https:\/\/www.cockerspanielclub.sk\/en\/club-show-2026","title":{"rendered":"Club Show 2026"},"content":{"rendered":"\t\t<div data-elementor-type=\"wp-page\" data-elementor-id=\"2388\" class=\"elementor elementor-2388 elementor-2372\" data-elementor-post-type=\"page\">\n\t\t\t\t<div class=\"elementor-element elementor-element-4b9cda86 e-flex e-con-boxed e-con e-parent\" data-id=\"4b9cda86\" data-element_type=\"container\" data-e-type=\"container\">\n\t\t\t\t\t<div class=\"e-con-inner\">\n\t\t\t\t<div class=\"elementor-element elementor-element-6b8be84 elementor-widget elementor-widget-text-editor\" data-id=\"6b8be84\" data-element_type=\"widget\" data-e-type=\"widget\" data-widget_type=\"text-editor.default\">\n\t\t\t\t\t\t\t\t\t<h2>CLUB SHOW CAC <br>Cockerspaniel club Slovakia<\/h2><h2>18.04.2026<\/h2><p>Club Winner, Junior Club Winner, CAJC, CAC, res. CAC, Best of Variety, BOB, BOS, BOJ,<br>BOV <\/p><p>JUDGE <strong>Jill Kengyelics, UK (Hebdene Cockers)<\/strong><\/p><p>PLACE OF THE SHOW <strong>Ve\u013ek\u00e9 \u00da\u013eany, Sedin Golf Resort<\/strong><\/p><p>PROGRAMME<br>08.45 \u2013 9.45 Entering the dogs<br>10.00 Judging<br>After judging \u2013 final competitions<\/p><p>ENTRY FEES<\/p>\t\t\t\t\t\t\t\t<\/div>\n\t\t\t\t<div class=\"elementor-element elementor-element-53f2fa6 elementor-widget elementor-widget-price-list\" data-id=\"53f2fa6\" data-element_type=\"widget\" data-e-type=\"widget\" data-widget_type=\"price-list.default\">\n\t\t\t\t\t\n\t\t<ul class=\"elementor-price-list\">\n\n\t\t\t\t\t\t\t\t\t<li><a class=\"elementor-price-list-item\" href=\"#\">\t\t\t\t\n\t\t\t\t<div class=\"elementor-price-list-text\">\n\t\t\t\t\t\t\t\t\t<div class=\"elementor-price-list-header\">\n\t\t\t\t\t\t\t\t\t\t\t<span class=\"elementor-price-list-title\">\n\t\t\t\t\t\t\tThe first dog\t\t\t\t\t\t<\/span>\n\t\t\t\t\t\t\t\t\t\t\t\t\t\t\t\t\t\t<span class=\"elementor-price-list-separator\"><\/span>\n\t\t\t\t\t\t\t\t\t\t\t\t\t\t\t\t\t\t\t<span class=\"elementor-price-list-price\">45 \u20ac<\/span>\n\t\t\t\t\t\t\t\t\t\t<\/div>\n\t\t\t\t\t\t\t\t\t\t\t\t\t\t\t<p class=\"elementor-price-list-description\">\n\t\t\t\t\t\t\t\n\t\t\t\t\t\t<\/p>\n\t\t\t\t\t\t\t\t<\/div>\n\t\t\t\t<\/a><\/li>\t\t\t\t\t\t\t\t\t\t\t\t<li><a class=\"elementor-price-list-item\" href=\"#\">\t\t\t\t\n\t\t\t\t<div class=\"elementor-price-list-text\">\n\t\t\t\t\t\t\t\t\t<div class=\"elementor-price-list-header\">\n\t\t\t\t\t\t\t\t\t\t\t<span class=\"elementor-price-list-title\">\n\t\t\t\t\t\t\tThe second and each additional<br>dog\t\t\t\t\t\t<\/span>\n\t\t\t\t\t\t\t\t\t\t\t\t\t\t\t\t\t\t<span class=\"elementor-price-list-separator\"><\/span>\n\t\t\t\t\t\t\t\t\t\t\t\t\t\t\t\t\t\t\t<span class=\"elementor-price-list-price\">40 \u20ac<\/span>\n\t\t\t\t\t\t\t\t\t\t<\/div>\n\t\t\t\t\t\t\t\t\t\t\t\t<\/div>\n\t\t\t\t<\/a><\/li>\t\t\t\t\t\t\t\t\t\t\t\t<li><a class=\"elementor-price-list-item\" href=\"#\">\t\t\t\t\n\t\t\t\t<div class=\"elementor-price-list-text\">\n\t\t\t\t\t\t\t\t\t<div class=\"elementor-price-list-header\">\n\t\t\t\t\t\t\t\t\t\t\t<span class=\"elementor-price-list-title\">\n\t\t\t\t\t\t\tMinor puppy, puppy, veteran,<br>honour class\t\t\t\t\t\t<\/span>\n\t\t\t\t\t\t\t\t\t\t\t\t\t\t\t\t\t\t<span class=\"elementor-price-list-separator\"><\/span>\n\t\t\t\t\t\t\t\t\t\t\t\t\t\t\t\t\t\t\t<span class=\"elementor-price-list-price\">20 \u20ac<\/span>\n\t\t\t\t\t\t\t\t\t\t<\/div>\n\t\t\t\t\t\t\t\t\t\t\t\t<\/div>\n\t\t\t\t<\/a><\/li>\t\t\t\t\t\t\t\t\t\t\t\t<li><a class=\"elementor-price-list-item\" href=\"#\">\t\t\t\t\n\t\t\t\t<div class=\"elementor-price-list-text\">\n\t\t\t\t\t\t\t\t\t<div class=\"elementor-price-list-header\">\n\t\t\t\t\t\t\t\t\t\t\t<span class=\"elementor-price-list-title\">\n\t\t\t\t\t\t\tcompetitions\t\t\t\t\t\t<\/span>\n\t\t\t\t\t\t\t\t\t\t\t\t\t\t\t\t\t\t<span class=\"elementor-price-list-separator\"><\/span>\n\t\t\t\t\t\t\t\t\t\t\t\t\t\t\t\t\t\t\t<span class=\"elementor-price-list-price\">15 \u20ac<\/span>\n\t\t\t\t\t\t\t\t\t\t<\/div>\n\t\t\t\t\t\t\t\t\t\t\t\t<\/div>\n\t\t\t\t<\/a><\/li>\t\t\t\t\t\n\t\t<\/ul>\n\n\t\t\t\t\t\t<\/div>\n\t\t\t\t<div class=\"elementor-element elementor-element-8ea98bf elementor-widget elementor-widget-text-editor\" data-id=\"8ea98bf\" data-element_type=\"widget\" data-e-type=\"widget\" data-widget_type=\"text-editor.default\">\n\t\t\t\t\t\t\t\t\t<h3>CLOSING DATE 04.04.2026<\/h3><p>REGISTRATION \u2013 only online: <a href=\"http:\/\/www.onlinedogshows.sk\">www.onlinedogshows.sk<\/a><\/p>\t\t\t\t\t\t\t\t<\/div>\n\t\t\t\t<div class=\"elementor-element elementor-element-2eb9a7e3 elementor-widget elementor-widget-image\" data-id=\"2eb9a7e3\" data-element_type=\"widget\" data-e-type=\"widget\" data-widget_type=\"image.default\">\n\t\t\t\t\t\t\t\t\t\t\t\t\t\t\t\t<a href=\"https:\/\/www.onlinedogshows.sk\">\n\t\t\t\t\t\t\t<img fetchpriority=\"high\" decoding=\"async\" width=\"550\" height=\"150\" src=\"https:\/\/www.cockerspanielclub.sk\/wp-content\/uploads\/2025\/10\/onlinedogshows-logo.png\" class=\"attachment-full size-full wp-image-946\" alt=\"\" \/>\t\t\t\t\t\t\t\t<\/a>\n\t\t\t\t\t\t\t\t\t\t\t\t\t\t\t<\/div>\n\t\t\t\t<div class=\"elementor-element elementor-element-7274f9a3 elementor-widget elementor-widget-text-editor\" data-id=\"7274f9a3\" data-element_type=\"widget\" data-e-type=\"widget\" data-widget_type=\"text-editor.default\">\n\t\t\t\t\t\t\t\t\t<p>GENERAL RULES<\/p><p>The show is organized according to the reglements of FCI and SKJ and the regulations issued by the organizer. Only individuals registered in the studbooks recognized by the FCI can take part in the show.<span class=\"Apple-converted-space\"> <\/span><\/p><p>A readable copy of the dog\u2019s original pedigree must be attached to each application. Each entered dog registered must have a pedigree. Applications for dogs for which the pedigree certificate issued by the FCI-recognized studbook will not be uploaded to the online system will be automatically deleted (this also applies to minor puppy and puppy classes). The applications lacking any necessary document (copy of international working certificate \u2013 for working group, copy of championship certificate \u2013 for champion class and copy of a title awarding for honour class) will be automatically entered into the open class without notifying owners. In case of incorrect class registration regarding the age, the organizer enters the dog into respective class without notifying. The organizer has the right not to accept the application without stating the reason. It is not possible to enter a dog on the day of the show. It is not possible to transfer a dog to another class on the day of the show. If the show is not held for reasons beyond the control of the organizer, the entry fees will be used to cover the incurred costs.<\/p><p>A judge is obliged to disqualify aggressive dogs. The use of sprays, powders and other cosmetic products is prohibited. Double handling of dogs from outside of the ring is prohibited. It is strictly forbidden to leave dogs tied up on trimming tables except the time they are being prepared for the show (trimmed, brushed or combed). Violation of these prohibitions may result in the exclusion of the dog from the show.<\/p><p>Selling puppies at the exhibition grounds is strictly forbidden!<\/p><p>The organizer is not responsible for damages caused by the dog or to the dog. The owner is responsible for all damage caused by his dog. Free running of dogs around the showground is prohibited.<br>The exhibitor is responsible for the well-being of his dog at the show he must not expose him to situations that could endanger his health or even his life, e.g. leave it in the car in extreme winter or heat or treat it cruelly. Anyone who violates these principles will be excluded from this and subsequent shows.<\/p><p>The exhibitor by entering the dog for the show as a person concerned in accordance with \u00a7 13 of Act no. 18\/2018 Coll. on the protection of personal data, gives its consent to the organizer for the processing of his personal data (name, surname) and agrees to their publication (name, surname), photo documentation and results of the show on the organizer\u2019s website.<\/p><p>The organizer has the right not to allow the exhibitor to participate in the show (whether in the breed ring or in the final ring), if the exhibitor does not use and properly wear the correct and visible catalog number of the individual he is exhibiting!<span class=\"Apple-converted-space\"> <\/span><\/p><p>VETERINARY REGULATIONS<br>Dogs from abroad must have a PET PASSPORT with valid vaccinations. Dogs from abroad must have a PET PASSPORT with valid vaccinations.<\/p><p>CLASSES<br><strong>minor puppy<\/strong> correctly inoculated puppies up to 6 months<br><strong>puppy<\/strong><span class=\"Apple-converted-space\">  <\/span>6 \u2013 9 months<br><strong>junior<\/strong><span class=\"Apple-converted-space\">  <\/span>9 \u2013 18 months<br><strong>intermediate<\/strong><span class=\"Apple-converted-space\">  <\/span>15 \u2013 24 months<br><strong>open<\/strong> 15 months and over<br><strong>working<\/strong><span class=\"Apple-converted-space\">  <\/span>from 15 months (FCI working certificate compulsory)<br><strong>champion<\/strong> from 15 months (Championship certificate compulsory)<br><strong>veteran<\/strong><span class=\"Apple-converted-space\">  <\/span>8 years and over<br><strong>honour <\/strong>from dogs with titles CIB, Champion, National and Club<br>winner (Title certificate compulsory)<\/p><p>TITLES AND CERTIFICATES<br><b>CAJC<\/b> \u2013 Certificate for the Junior Champion title of Slovakia may be awarded to dogs and bitches graded as Excellent 1 in junior class.<br><b>CAC<\/b> \u2013 Certificate for the Champion of Slovakia may be awarded to dogs and bitches graded Excellent 1 in intermediate, open, working or champion class.<br><b>RES. CAC<\/b> \u2013 may be awarded to dogs and bitches graded as Excellent 2 in intermediate, open, working or champion class.<br><b>Best minor puppy, male and female<\/b> \u2013 Best minor puppy, male and female. awarded separate male and female qualified Very promising 1 in minor puppy class.<br><b>Best puppy, male and female<\/b> \u2013 awarded separate male and female qualified Very promising 1 in puppy class. awarded separate male and female qualified Very promising 1 in puppy class.<br><b>Best of Variety <\/b>\u2013 awarded separate male and female in each colour variety qualified Awarded separate male and female in each colour variety qualified CAC.<br><b>Best working dog<\/b> &#8211; male and female Awarded separate male and female qualified CAC in working class<br><b>Club Winner<\/b> \u2013 awarded separate male and female qualified BOV. Awarded separate male and female in each colour variety qualified CAC.<br><strong>Junior Club Winner <\/strong>\u2013 awarded separate male and female qualified CAJC in junior class. <br><b>BOJ<\/b> \u2013 Best of Junior from Junior Special Winners.<br><b>Best of veteran, male and female<\/b> \u2013 awarded separate male and female qualified Excellent 1 in veteran class awarded separate male and female qualified Excellent 1 in veteran class.<br>BOV \u2013 Best of Veteran male and female.<br><b>Best of honour class<\/b>, male and female \u2013 awarded separate male and female qualified Excellent 1 in honour class Best of honour class, male and female \u2013 awarded separate male and female qualified<br>Excellent 1 in honour class.<br><b>BOB<\/b> \u2013 males and females qualified Club Winner, Junior Club Winner, Best of Veteran.<br><b>BEST OF OPPOSITE SEX (BOS) <\/b>\u2013 males or females opposite sex to BOB, qualified Club<br>Winner, Junior Club Winner, Best of Veteran.<\/p><p>COMPETITIONS<br>Best Couple \u2013 an owner (100% same owners on both dogs) can enter his dog and<br>bitch, that have been judged at this show.<br>Best breeder\u00b4s group \u2013 a breeder can enter his breeder\u00b4s group of at least 3 dogs or<br>bitches, which have been judged at this show. The dogs do not have to be owned by<br>the breeder, but they must come from the same kennel from at least two different<br>litters, at least two different sires and dams. A dog \/ bitch can only be entered to one<br>breeder\u00b4s group. Exhibitors are obliged to let their dogs compete in this competition<br>when asked by the breeder.   <br><b>Junior Handling<\/b> \u2013 mlad\u00fd vystavovate\u013e pre deti od 9 do 17 rokov.<\/p>\t\t\t\t\t\t\t\t<\/div>\n\t\t\t\t<div class=\"elementor-element elementor-element-defeed1 elementor-widget elementor-widget-button\" data-id=\"defeed1\" data-element_type=\"widget\" data-e-type=\"widget\" data-widget_type=\"button.default\">\n\t\t\t\t\t\t\t\t\t\t<a class=\"elementor-button elementor-button-link elementor-size-sm\" href=\"https:\/\/www.cockerspanielclub.sk\/wp-content\/uploads\/2026\/02\/propozicie-18042026-kv-cocker.pdf\" target=\"_blank\">\n\t\t\t\t\t\t<span class=\"elementor-button-content-wrapper\">\n\t\t\t\t\t\t\t\t\t<span class=\"elementor-button-text\">PROPOSITIONS pdf<\/span>\n\t\t\t\t\t<\/span>\n\t\t\t\t\t<\/a>\n\t\t\t\t\t\t\t\t<\/div>\n\t\t\t\t\t<\/div>\n\t\t\t\t<\/div>\n\t\t<div class=\"elementor-element elementor-element-aa28b5f e-flex e-con-boxed e-con e-parent\" data-id=\"aa28b5f\" data-element_type=\"container\" data-e-type=\"container\">\n\t\t\t\t\t<div class=\"e-con-inner\">\n\t\t\t\t<div class=\"elementor-element elementor-element-5294d96 elementor-widget elementor-widget-image\" data-id=\"5294d96\" data-element_type=\"widget\" data-e-type=\"widget\" data-widget_type=\"image.default\">\n\t\t\t\t\t\t\t\t\t\t\t\t\t\t\t\t<a href=\"https:\/\/www.cockerspanielclub.sk\/wp-content\/uploads\/2025\/12\/kv-18042026-cockerspaniel.avif\" data-elementor-open-lightbox=\"yes\" data-elementor-lightbox-title=\"kv-18042026-cockerspaniel\" data-e-action-hash=\"#elementor-action%3Aaction%3Dlightbox%26settings%3DeyJpZCI6MjQyMCwidXJsIjoiaHR0cHM6XC9cL3d3dy5jb2NrZXJzcGFuaWVsY2x1Yi5za1wvd3AtY29udGVudFwvdXBsb2Fkc1wvMjAyNVwvMTJcL2t2LTE4MDQyMDI2LWNvY2tlcnNwYW5pZWwuYXZpZiJ9\">\n\t\t\t\t\t\t\t<img decoding=\"async\" width=\"1200\" height=\"846\" src=\"https:\/\/www.cockerspanielclub.sk\/wp-content\/uploads\/2025\/12\/kv-18042026-cockerspaniel.avif\" class=\"attachment-full size-full wp-image-2420\" alt=\"\" srcset=\"https:\/\/www.cockerspanielclub.sk\/wp-content\/uploads\/2025\/12\/kv-18042026-cockerspaniel.avif 1200w, https:\/\/www.cockerspanielclub.sk\/wp-content\/uploads\/2025\/12\/kv-18042026-cockerspaniel-768x541.jpg 768w\" sizes=\"(max-width: 1200px) 100vw, 1200px\" \/>\t\t\t\t\t\t\t\t<\/a>\n\t\t\t\t\t\t\t\t\t\t\t\t\t\t\t<\/div>\n\t\t\t\t\t<\/div>\n\t\t\t\t<\/div>\n\t\t\t\t<\/div>\n\t\t","protected":false},"excerpt":{"rendered":"<p>CLUB SHOW CAC Cockerspaniel club Slovakia 18.04.2026 Club Winner, Junior Club Winner, CAJC, CAC, res. CAC, Best of Variety, BOB, BOS, BOJ,BOV JUDGE Jill Kengyelics, UK (Hebdene Cockers) PLACE OF THE SHOW Ve\u013ek\u00e9 \u00da\u013eany, Sedin Golf Resort PROGRAMME08.45 \u2013 9.45 Entering the dogs10.00 JudgingAfter judging \u2013 final competitions ENTRY FEES The first dog 45 \u20ac [&hellip;]<\/p>\n","protected":false},"author":1,"featured_media":0,"parent":0,"menu_order":0,"comment_status":"closed","ping_status":"closed","template":"","meta":{"iawp_total_views":48,"footnotes":""},"class_list":["post-2388","page","type-page","status-publish","hentry"],"_links":{"self":[{"href":"https:\/\/www.cockerspanielclub.sk\/en\/wp-json\/wp\/v2\/pages\/2388","targetHints":{"allow":["GET"]}}],"collection":[{"href":"https:\/\/www.cockerspanielclub.sk\/en\/wp-json\/wp\/v2\/pages"}],"about":[{"href":"https:\/\/www.cockerspanielclub.sk\/en\/wp-json\/wp\/v2\/types\/page"}],"author":[{"embeddable":true,"href":"https:\/\/www.cockerspanielclub.sk\/en\/wp-json\/wp\/v2\/users\/1"}],"replies":[{"embeddable":true,"href":"https:\/\/www.cockerspanielclub.sk\/en\/wp-json\/wp\/v2\/comments?post=2388"}],"version-history":[{"count":0,"href":"https:\/\/www.cockerspanielclub.sk\/en\/wp-json\/wp\/v2\/pages\/2388\/revisions"}],"wp:attachment":[{"href":"https:\/\/www.cockerspanielclub.sk\/en\/wp-json\/wp\/v2\/media?parent=2388"}],"curies":[{"name":"wp","href":"https:\/\/api.w.org\/{rel}","templated":true}]}}