{"id":1154,"date":"2026-04-19T08:10:16","date_gmt":"2026-04-19T06:10:16","guid":{"rendered":"https:\/\/www.cockerspanielclub.sk\/the-cocker-of-the-year"},"modified":"2026-04-19T08:14:32","modified_gmt":"2026-04-19T06:14:32","slug":"the-cocker-of-the-year","status":"publish","type":"page","link":"https:\/\/www.cockerspanielclub.sk\/en\/the-cocker-of-the-year","title":{"rendered":"The Cocker of the year"},"content":{"rendered":"\t\t<div data-elementor-type=\"wp-page\" data-elementor-id=\"1154\" class=\"elementor elementor-1154 elementor-389\" data-elementor-post-type=\"page\">\n\t\t\t\t<div class=\"elementor-element elementor-element-34eadc4a e-flex e-con-boxed e-con e-parent\" data-id=\"34eadc4a\" data-element_type=\"container\" data-e-type=\"container\">\n\t\t\t\t\t<div class=\"e-con-inner\">\n\t\t\t\t<div class=\"elementor-element elementor-element-43c0dd17 elementor-widget elementor-widget-heading\" data-id=\"43c0dd17\" data-element_type=\"widget\" data-e-type=\"widget\" data-widget_type=\"heading.default\">\n\t\t\t\t\t<h2 class=\"elementor-heading-title elementor-size-default\">The Cocker of the year<\/h2>\t\t\t\t<\/div>\n\t\t\t\t<div class=\"elementor-element elementor-element-c8b7fb8 elementor-widget elementor-widget-n-accordion\" data-id=\"c8b7fb8\" data-element_type=\"widget\" data-e-type=\"widget\" data-settings=\"{&quot;default_state&quot;:&quot;expanded&quot;,&quot;max_items_expended&quot;:&quot;one&quot;,&quot;n_accordion_animation_duration&quot;:{&quot;unit&quot;:&quot;ms&quot;,&quot;size&quot;:400,&quot;sizes&quot;:[]}}\" data-widget_type=\"nested-accordion.default\">\n\t\t\t\t\t\t\t<div class=\"e-n-accordion\" aria-label=\"Accordion. Open links with Enter or Space, close with Escape, and navigate with Arrow Keys\">\n\t\t\t\t\t\t<details id=\"e-n-accordion-item-2100\" class=\"e-n-accordion-item\" open>\n\t\t\t\t<summary class=\"e-n-accordion-item-title\" data-accordion-index=\"1\" tabindex=\"0\" aria-expanded=\"true\" aria-controls=\"e-n-accordion-item-2100\" >\n\t\t\t\t\t<span class='e-n-accordion-item-title-header'><div class=\"e-n-accordion-item-title-text\"> Terms of the competition <\/div><\/span>\n\t\t\t\t\t\t\t<span class='e-n-accordion-item-title-icon'>\n\t\t\t<span class='e-opened' ><svg aria-hidden=\"true\" class=\"e-font-icon-svg e-fas-minus\" viewBox=\"0 0 448 512\" xmlns=\"http:\/\/www.w3.org\/2000\/svg\"><path d=\"M416 208H32c-17.67 0-32 14.33-32 32v32c0 17.67 14.33 32 32 32h384c17.67 0 32-14.33 32-32v-32c0-17.67-14.33-32-32-32z\"><\/path><\/svg><\/span>\n\t\t\t<span class='e-closed'><svg aria-hidden=\"true\" class=\"e-font-icon-svg e-fas-plus\" viewBox=\"0 0 448 512\" xmlns=\"http:\/\/www.w3.org\/2000\/svg\"><path d=\"M416 208H272V64c0-17.67-14.33-32-32-32h-32c-17.67 0-32 14.33-32 32v144H32c-17.67 0-32 14.33-32 32v32c0 17.67 14.33 32 32 32h144v144c0 17.67 14.33 32 32 32h32c17.67 0 32-14.33 32-32V304h144c17.67 0 32-14.33 32-32v-32c0-17.67-14.33-32-32-32z\"><\/path><\/svg><\/span>\n\t\t<\/span>\n\n\t\t\t\t\t\t<\/summary>\n\t\t\t\t<div role=\"region\" aria-labelledby=\"e-n-accordion-item-2100\" class=\"elementor-element elementor-element-b29b771 e-con-full e-flex e-con e-child\" data-id=\"b29b771\" data-element_type=\"container\" data-e-type=\"container\">\n\t\t\t\t<div class=\"elementor-element elementor-element-36bae190 elementor-widget elementor-widget-text-editor\" data-id=\"36bae190\" data-element_type=\"widget\" data-e-type=\"widget\" data-widget_type=\"text-editor.default\">\n\t\t\t\t\t\t\t\t\t<div class=\"elementor-element elementor-element-581f3032 elementor-widget elementor-widget-accordion\" data-id=\"581f3032\" data-element_type=\"widget\" data-widget_type=\"accordion.default\"><div class=\"elementor-widget-container\"><div class=\"elementor-accordion\"><div dir=\"ltr\"><div dir=\"ltr\"><div dir=\"ltr\"><div><p>Every year we evaluate the success of the dogs owned by club members at Shows and performance tests. The rating is published on the Internet. <\/p><\/div><\/div><\/div><\/div><p>The condition for registering for the competition is to send photocopies of evaluation sheets from completed shows and trials.<\/p><div dir=\"ltr\"><div dir=\"ltr\"><div dir=\"ltr\"><div><div role=\"button\" aria-controls=\"elementor-tab-content-1471\" aria-expanded=\"true\" aria-selected=\"true\"><div><div><div><div><div id=\"m_-9114229888639679578m_-7708654222504950029elementor-tab-content-1471\" role=\"region\" aria-labelledby=\"elementor-tab-title-1471\"><p align=\"left\">All shows and tests in Slovakia and abroad, in which the dog (bitch) participated in a given year, are scored according to the following tables.<\/p><\/div><\/div><\/div><\/div><\/div><\/div><\/div><\/div><\/div><\/div><div tabindex=\"0\" role=\"button\" data-tab=\"1\" aria-controls=\"elementor-tab-content-1471\" aria-expanded=\"true\" aria-selected=\"true\"><div class=\"elementor-element elementor-element-581f3032 elementor-widget elementor-widget-accordion\" data-id=\"581f3032\" data-element_type=\"widget\" data-widget_type=\"accordion.default\"><div class=\"elementor-widget-container\"><div class=\"elementor-accordion\"><div class=\"elementor-accordion-item\"><div id=\"elementor-tab-content-1471\" class=\"elementor-tab-content elementor-clearfix elementor-active\" role=\"region\" data-tab=\"1\" aria-labelledby=\"elementor-tab-title-1471\"><p align=\"left\"><strong>Scoring tables:<\/strong><\/p><div align=\"center\"><table border=\"1\" cellspacing=\"0\" cellpadding=\"0\"><tbody><tr><td width=\"514\" height=\"20\"><strong>Evaluation of the Show <\/strong><\/td><td width=\"135\"><strong>Number of points <\/strong><\/td> <\/tr><tr><td height=\"19\">Very promising<\/td><td>2 points<\/td><\/tr><tr><td height=\"19\">Excellent<\/td><td>1 point<\/td><\/tr><tr><td height=\"19\">Excellent 4<\/td><td>2 points<\/td><\/tr><tr><td height=\"19\">Excellent 3<\/td><td>3 points<\/td><\/tr><tr><td height=\"19\">Excellent 2<\/td><td>4 points<\/td><\/tr><tr><td height=\"19\">Excellent 1<\/td><td>5 points<\/td><\/tr><tr><td height=\"19\">Res.CAC<\/td><td>4 points<\/td><\/tr><tr><td height=\"19\">CAJC + CAC<\/td><td>5 points<\/td><\/tr><tr><td height=\"19\">Regional Winner<\/td><td>5 points<\/td><\/tr><tr><td height=\"19\">National Winner<\/td><td>10 points<\/td><\/tr><tr><td height=\"19\">BOV<\/td><td>15 points<\/td><\/tr><tr><td height=\"19\">Best working dog<\/td><td>15 points<\/td><\/tr><tr><td height=\"19\">Res.CACIB<\/td><td>15 points<\/td><\/tr><tr><td height=\"19\">CACIB<\/td><td>20 points<\/td><\/tr><tr><td height=\"19\">Club Winner \/ Specialty Show Winner<\/td><td>30 points<\/td><\/tr><tr><td height=\"19\">BOB, BOB junior<\/td><td>25 points<\/td><\/tr><tr><td height=\"19\">BOS<\/td><td>20 points<\/td><\/tr><tr><td height=\"19\">BIG V<\/td><td>10 points<\/td><\/tr><tr><td height=\"19\">BIG IV<\/td><td>15 points<\/td><\/tr><tr><td height=\"19\">BIG III<\/td><td>20 points<\/td><\/tr><tr><td height=\"19\">BIG II<\/td><td>25 points<\/td><\/tr><tr><td height=\"19\">BIG<\/td><td>30 points<\/td><\/tr><tr><td height=\"19\">BIS V junior \/ veteran<\/td><td>10 points<\/td><\/tr><tr><td height=\"19\">BIS IV junior \/ veteran<\/td><td>15 points<\/td><\/tr><tr><td height=\"19\">BIS III junior \/ veteran<\/td><td>20 points<\/td><\/tr><tr><td height=\"19\">BIS II junior \/ veteran<\/td><td>25 points<\/td><\/tr><tr><td height=\"19\">BIS junior \/ veteran<\/td><td>30 points<\/td><\/tr><tr><td height=\"19\">Res. BOD<\/td><td>35 points<\/td><\/tr><tr><td height=\"19\">BOD<\/td><td>40 points<\/td><\/tr><tr><td height=\"19\">BIS III<\/td><td>80 points<\/td><\/tr><tr><td height=\"19\">BIS II<\/td><td>90 points<\/td><\/tr><tr><td height=\"19\">BIS<\/td><td>100 points <\/td><\/tr><\/tbody><\/table><\/div><p class=\"style37\" align=\"center\">In the case of the World or European Show, the points obtained are multiplied by two.<\/p><div align=\"center\"><table border=\"1\" cellspacing=\"0\" cellpadding=\"0\"><colgroup> <col width=\"514\"> <col width=\"135\"><\/colgroup><tbody><tr><td width=\"514\" height=\"20\"><strong>Performance test evaluation <\/strong><\/td><td width=\"135\"><strong>Number of points <\/strong><\/td> <\/tr><tr><td width=\"514\" height=\"19\">I. \u2013 III. Prize<\/td><td width=\"135\">points in RT\/2<\/td><\/tr><tr><td width=\"514\" height=\"19\">Res.CACT<\/td><td width=\"135\">35 points <\/td><\/tr><tr><td width=\"514\" height=\"19\">CACT<\/td><td width=\"135\">40 points <\/td><\/tr><tr><td width=\"514\" height=\"19\">Res.CACIT<\/td><td width=\"135\">45 points <\/td><\/tr><tr><td width=\"514\" height=\"19\">CACIT<\/td><td width=\"135\">50 points <\/td><\/tr><\/tbody><\/table><\/div><p class=\"style37\" align=\"left\">In case of equality, the number of the highest obtained titles decides.<\/p><\/div><\/div><\/div><\/div><\/div><\/div><\/div><\/div><\/div>\t\t\t\t\t\t\t\t<\/div>\n\t\t\t\t<\/div>\n\t\t\t\t\t<\/details>\n\t\t\t\t\t<\/div>\n\t\t\t\t\t\t<\/div>\n\t\t\t\t<div class=\"elementor-element elementor-element-030800d elementor-widget elementor-widget-text-editor\" data-id=\"030800d\" data-element_type=\"widget\" data-e-type=\"widget\" data-widget_type=\"text-editor.default\">\n\t\t\t\t\t\t\t\t\t<div class=\"elementor-element elementor-element-3bc3a2e3 elementor-widget elementor-widget-text-editor\" data-id=\"3bc3a2e3\" data-element_type=\"widget\" data-widget_type=\"text-editor.default\"><div class=\"elementor-widget-container\"><p>You can see photos of individuals in <a href=\"https:\/\/www.rajce.idnes.cz\/kokerklubcsc\/album\/koker-roka\">PHOTOGALLERY<\/a>.<\/p><\/div><\/div><div class=\"elementor-element elementor-element-4f6e338b elementor-widget elementor-widget-html\" data-id=\"4f6e338b\" data-element_type=\"widget\" data-widget_type=\"html.default\"><h2 class=\"elementor-widget-container\">Results<\/h2><\/div><div class=\"elementor-element elementor-element-347f1f0a elementor-widget elementor-widget-text-editor\" data-id=\"347f1f0a\" data-element_type=\"widget\" data-widget_type=\"text-editor.default\"><div class=\"elementor-widget-container\"><div><div dir=\"ltr\"><div><div><div dir=\"ltr\"><div><div dir=\"ltr\"><div><div><div><em>male <\/em>2025 | 1st place <strong>O Romeo z Bojnick\u00fdch \u00fadolov<\/strong> (283,5 b.), Jana Valkov\u00e1 &amp; Martina Bariak <br><em>male <\/em>2025 | 2nd place <strong>Aron Dark Katusha<\/strong> (64 b.), M\u00e1rio Ma\u0161ka <br><em>female<\/em> 2025 | 1st place <strong>Fable Black Petrs<\/strong> (1100 b.), \u013dudmila K\u0159\u00ed\u017eov\u00e1 <\/div><div><p>female 2025 | 2nd place <strong>Fia Blue En<\/strong> (945 b.), Veronika Mrkvicov\u00e1 <br>female 2025 | 3rd place <strong>Eufrosyn\u00e9 Domesday<\/strong> (534 b.), Andrea Anto\u0161ov\u00e1 <\/p><hr><\/div><\/div><div><em>male <\/em>2024 | 1st place <strong>Fiskal z Bojnick\u00fdch \u00fadolov<\/strong> (534 p.), Vladim\u00edr \u0160krab\u00e1k <br><em>male<\/em> 2024 | 2nd place <strong>Captain America z Kr\u00e1lovskej vyhliadky<\/strong> (340 p.), Vladim\u00edr \u0160krab\u00e1k <br><em><strong><em>male<\/em><\/strong><\/em> 2024 | 3rd place O Romeo z Bojnick\u00fdch \u00fadolov (287 p.), Jana Valkov\u00e1 a Martina Bariak <\/div><div><em>female <\/em>2024 | 1st place <strong>Dorothea z Vejminku<\/strong> (410 p.), Vladim\u00edr \u0160krab\u00e1k <\/div><div><p><em>female<\/em> 2024 | 2nd place <strong>Calamity Jane z Kr\u00e1lovskej vyhliadky<\/strong> (309 p.), Vladim\u00edr \u0160krab\u00e1k <br><em>female <\/em>2024 | 3rd place <strong>Arwen z Kr\u00e1lovskej vyhliadky<\/strong> (275 p.), Vladim\u00edr \u0160krab\u00e1k <\/p><hr><\/div><\/div><div>male 2023 | 1. place <strong>Fiskal<\/strong><strong> z Bojnick\u00fdch \u00fadolov<\/strong>, Vladim\u00edr \u0160krab\u00e1k  <br><em>male <\/em>2023 | 2. place <strong>Captain America z Kr\u00e1lovskej vyhliadky<\/strong>, Vladim\u00edr \u0160krab\u00e1k <br><em>male <\/em>2023 | 3. place <strong>D\u2019artagnan Molly Monet<\/strong><em>, <\/em>Viola Rajjov\u00e1 <br>female 2023 | 1. place <strong>Arwen z Kr\u00e1lovskej vyhliadky<\/strong>, Vladim\u00edr \u0160krab\u00e1k <br><em>female <\/em>2023 | 2. place <strong>Dorothea z Vejminku<\/strong>, Vladim\u00edr \u0160krab\u00e1k <br><em>female <\/em>2023 | 3. place <strong>Konny z Vejminku<\/strong>, Vladim\u00edr \u0160krab\u00e1k <\/div><\/div><\/div><\/div><\/div><div><div dir=\"ltr\"><hr><\/div><\/div><\/div><div><em>male <\/em>2022 | 1. place <strong>Dion\u00fdsos Domesday<\/strong>, Anto\u0161ov\u00e1 Andrea <br><em>male<\/em> 2022 | 2. place <strong>Kocel z Bojnick\u00fdch \u00fadolov<\/strong>, Studen\u00e1 Ivana<br><em>male <\/em>2022 | 3. place Fiskal z Bojnick\u00fdch \u00fadolov, \u0160krab\u00e1k Vladim\u00edr<br>female 2022 | 1. place <strong>Deianeira Domesday<\/strong>, Anto\u0161ov\u00e1 Andrea <br><em>female <\/em>2022 | 2. place <strong>Dorothea z Vejminku<\/strong>, \u0160krab\u00e1k Vladim\u00edr<br><em>female <\/em>2022 | 3. place <strong>Arwen z Kr\u00e1lovskej vyhliadky<\/strong>, \u0160krab\u00e1k Vladim\u00edr<\/div><\/div><\/div><div><div dir=\"ltr\"><hr><p><em>male<\/em> 2021 | 1. place <strong>Gulliver z Bojnick\u00fdch \u00fadolov<\/strong>, Michal \u010cerve\u0148\u00e1k<br><em>male <\/em>2021 | 2. place Fiskal z Bojnick\u00fdch \u00fadolov, \u0160krab\u00e1k Vladim\u00edr<br><em>male <\/em>2021 | 3. place <strong>Ludwig z Vejminku<\/strong>, \u0160krab\u00e1k Vladim\u00edr<br><em>female<\/em> 2021 | 1. place <strong>Dorothea z Vejminku<\/strong>, \u0160krab\u00e1k Vladim\u00edr<br><em>female <\/em>2021 | 2. place <strong>Arwen z Kr\u00e1lovskej vyhliadky<\/strong>, \u0160krab\u00e1k Vladim\u00edr<br><em>female <\/em>2021 | 3. place <strong>Precious Pearl of English Lady<\/strong>, Michal \u010cerve\u0148\u00e1k<br><em>male<\/em> 2020 | 1. place <b>Drycastle Dandy\u00b4s Jolly Joker<\/b>, MUDr. Felszeghyov\u00e1 Eva<\/p><\/div><\/div><hr><p><em>male<\/em> 2020 |<b> <\/b>2. place <b>Fiskal z Bojnick\u00fdch \u00fadolov,<\/b> \u0160krab\u00e1k Vladim\u00edr<br><em>male<\/em> 2020 | 3. place <b>Ludwig z Vejminku<\/b>, \u0160krab\u00e1k Vladim\u00edr<br><em>female<\/em> 2020 | 1. place <b>Dorothea z Vejminku<\/b>, \u0160krab\u00e1k Vladim\u00edr<br><em>female<\/em> 2020 | 2. place <b>Drycastle Dandy\u00b4s Lara<\/b>, MUDr. Felszeghyov\u00e1 Eva<br><em>female<\/em> 2020 | 3. place <b>Arwen z Kr\u00e1lovskej vyhliadky<\/b>, \u0160krab\u00e1k Vladim\u00edr<\/p><hr><p><em>male<\/em> 2019 | 1. place <strong>Drycastle Dandy\u00b4s Jolly Joker<\/strong>, MUDr. Felszeghyov\u00e1 Eva<br><em>male<\/em> 2019 | 2. place <strong>Ludwig z Vejminku<\/strong>, \u0160krab\u00e1k Vladim\u00edr<br><em>male<\/em> 2019 | 3. place<strong>Fiskal z Bojnick\u00fdch \u00fadolov,<\/strong> \u0160krab\u00e1k Vladim\u00edr<br><em>female<\/em> 2019 | 1. place <strong>Drycastle Dandy\u00b4s Lara<\/strong>, MUDr. Felszeghyov\u00e1 Eva<br><em>female<\/em> 2019 | 2. place <strong>Dorothea z Vejminku<\/strong>, \u0160krab\u00e1k Vladim\u00edr<br><em>female<\/em> 2019 | 3. place <strong>Arwen z Kr\u00e1lovskej vyhliadky<\/strong>, \u0160krab\u00e1k Vladim\u00edr<\/p><hr><p><em>male<\/em> 2016 | 1. place <strong>Craigdean Dream Lover<\/strong>, MUDr. Felszeghyov\u00e1 Eva<br><em>pes<\/em> 2016 | 2. place <strong>Princ Tobias od Bukov\u00e9 stud\u00e1nky<\/strong>, Mar\u0161\u00edkov\u00e1 Iva<br><em>male<\/em> 2016 | 3. place <strong>Bucifal Andreaste<\/strong>, Najmanov\u00e1 Ivana<br><em>male<\/em> 2016 | 4. place <strong>Viggorus Velvet Goldmine<\/strong>, Mar\u0161\u00edkov\u00e1 Iva<br><em>female<\/em> 2016 | 1. place <strong>Drycastle Dandy\u00b4s Faye<\/strong>, MUDr. Felszeghyov\u00e1 Eva<br><em>female<\/em> 2016 | 2. place <strong>Eila Andraste<\/strong>, Najmanov\u00e1 Ivana<\/p><hr><p><em>male<\/em> 2015 | 1. place <strong>Craigdean Dream Lover<\/strong>, MUDr. Felszeghyov\u00e1 Eva<br><em>female<\/em> 2015 | 1. place <strong>Drycastle Dandy\u00b4s Faye<\/strong>, MUDr. Felszeghyov\u00e1 Eva<\/p><hr><p><em>male<\/em> 2014 | 1. place <strong>Craigdean Dream Lover<\/strong>, MUDr. Felszeghyov\u00e1 Eva<br><em>female<\/em> 2014 | 1. place <strong>Cerruti Sch\u00f6nez<\/strong>, Sch\u00f6nigerov\u00e1 Zoja<\/p><hr><p><em>male<\/em> 2013 | 1. place <strong>Drycastle Dandy`s El Nino<\/strong>, MUDr. Felszeghyov\u00e1 Eva<br><em>female<\/em> 2013 | 1. place <strong>Rihana z Chalupeck\u00e9 louky<\/strong>, Kub\u00edkov\u00e1 Milada<\/p><hr><p><em>male<\/em> 2012 | 1. place <strong>Bruce Tarakim<\/strong>, Kub\u00edkov\u00e1 Milada<br><em>male<\/em> 2012 | 2. place <strong>Drycastle Dandys El Nino<\/strong>, MUDr. Eva Felszeghyov\u00e1<br><em>female<\/em> 2012 | 1. place <strong>Cerruti Sch\u00f6nez<\/strong>, Zoja Sch\u00f6nigerov\u00e1<br><em>female<\/em> 2012 | 2. place <strong>Drycastle Dandys Daisy<\/strong>, MUDr. Eva Felszeghyov\u00e1<\/p><hr><p><em>male<\/em> 2011 | 1. place <strong>Bruce Tarakim<\/strong>, Kub\u00edkov\u00e1 Milada<br><em>male<\/em> 2011 2. place <strong>King of Hearts Made in Austria<\/strong>, Mgr. Ivica Klep\u0161ov\u00e1 a Otakar Klep\u0161<br><em>male<\/em> 2011 | 1. place <strong>Drycastle Dandy\u2019s Daisy<\/strong>, MUDr. Felszeghyov\u00e1 Eva<\/p><hr><p><em>male<\/em> 2010| 1. place <strong>King of Hearts Made in Austria<\/strong>, Mgr. Ivica Klep\u0161ov\u00e1 a Otakar Klep\u0161<br><em>male<\/em> 2010 | 2. place <strong>Bruce Tarakim<\/strong>, Kub\u00edkov\u00e1 Milada<br><em>male<\/em> 2010 | 3. place <strong>Dick Wilden zo Z\u00e1mock\u00e9ho parku<\/strong>, Seres Pavol <br><em>male<\/em> 2010 | 4. place <strong>Joshua Blak Petrs<\/strong>, Seres Pavol <br><em>male<\/em> 2010 | 1. place <strong>Balantine Tarakim<\/strong>, Kub\u00edkov\u00e1 Milada<\/p><hr><p>male 2009 | 1. place <strong>Tip off Sch\u00f6ne<\/strong>z, Mgr. Ivica Klep\u0161ov\u00e1 a Otakar Klep\u0161<br><em>male<\/em> 2009 | 2. place <strong>King of Hearts Made in Austria<\/strong>, Mgr. Ivica Klep\u0161ov\u00e1 a Otakar Klep\u0161<br><em>male<\/em> 2009 | 3. place <strong>Phil Maris Dandy Devon<\/strong>, fam. Felszeghyov\u00e1<br><em>male<\/em> 2009 | 4. place <strong>Fredy Kering<\/strong>, Ing. Erich Ko\u010dner<br><em>female<\/em> 2009 | 1. place <strong>Sonique Sch\u00f6nez<\/strong>, Zoja Sch\u00f6nigerov\u00e1<br><em>female<\/em> 2009 | 2. place <strong>Jasmine Jazz Moravia Mystery,<\/strong> fam. Felszeghyov\u00e1<br><em>female<\/em> 2009 | 3. place <strong>Inka z Chalupeck\u00e9 louky<\/strong>, Milada Kub\u00edkov\u00e1<br><em>female<\/em> 2009 | 4. place <strong>Frida Kering<\/strong>, Ing. Erich Ko\u010dner, CSc. and Eva Ko\u010dnerov\u00e1<br><em>female<\/em> 2009 | 5. place <strong>Della Fiumanna Deep Blue<\/strong>, fam. Felszeghyov\u00e1<\/p><hr><p><em>male<\/em> 2008 | 1. place <strong>Phil Maris Dandy Devon<\/strong>, fam. Felszeghyov\u00e1<br><em>male<\/em> 2008 | 2. place <strong>Tip off Sch\u00f6nez<\/strong>, Mgr. Ivica Klep\u0161ov\u00e1 a Otakar Klep\u0161<br><em>male<\/em> 2008 | 3. place <strong>Billy z Lesn\u00edch chal\u00fap<\/strong>, Jana Lan\u010dari\u010dov\u00e1<br><em>male<\/em> 2008 | 4. place <strong>King of Hearts Made in Austria<\/strong>, Mgr. Ivica Klep\u0161ov\u00e1 a Otakar Klep\u0161<br><em>male<\/em> 2008 | 5. place <strong>Manaca\u2019s By The Book<\/strong>, Dana Dobrovodsk\u00e1<br><em>female<\/em> 2008 | 1. place <strong>Cayenne Billy zo Z\u00e1mock\u00e9ho parku<\/strong>, Jana Lan\u010dari\u010dov\u00e1<br><em>female<\/em> 2008 | 2. place <strong>Jasmine Jazz Moravia Mystery,<\/strong> fam. Felszeghyov\u00e1<br><em>female<\/em> 2008 | 3. place <strong>Della Fiumanna Deep Blue<\/strong>, fam. Felszeghyov\u00e1<br><em>female<\/em> 2008 | 4. place <strong>Bella Wamakaskan<\/strong>, Dana Dobrovodsk\u00e1<\/p><\/div><\/div>\t\t\t\t\t\t\t\t<\/div>\n\t\t\t\t\t<\/div>\n\t\t\t\t<\/div>\n\t\t\t\t<\/div>\n\t\t","protected":false},"excerpt":{"rendered":"<p>The Cocker of the year Terms of the competition Every year we evaluate the success of the dogs owned by club members at Shows and performance tests. The rating is published on the Internet. The condition for registering for the competition is to send photocopies of evaluation sheets from completed shows and trials. All shows [&hellip;]<\/p>\n","protected":false},"author":1,"featured_media":1979,"parent":0,"menu_order":0,"comment_status":"closed","ping_status":"closed","template":"","meta":{"iawp_total_views":33,"footnotes":""},"class_list":["post-1154","page","type-page","status-publish","has-post-thumbnail","hentry"],"_links":{"self":[{"href":"https:\/\/www.cockerspanielclub.sk\/en\/wp-json\/wp\/v2\/pages\/1154","targetHints":{"allow":["GET"]}}],"collection":[{"href":"https:\/\/www.cockerspanielclub.sk\/en\/wp-json\/wp\/v2\/pages"}],"about":[{"href":"https:\/\/www.cockerspanielclub.sk\/en\/wp-json\/wp\/v2\/types\/page"}],"author":[{"embeddable":true,"href":"https:\/\/www.cockerspanielclub.sk\/en\/wp-json\/wp\/v2\/users\/1"}],"replies":[{"embeddable":true,"href":"https:\/\/www.cockerspanielclub.sk\/en\/wp-json\/wp\/v2\/comments?post=1154"}],"version-history":[{"count":0,"href":"https:\/\/www.cockerspanielclub.sk\/en\/wp-json\/wp\/v2\/pages\/1154\/revisions"}],"wp:featuredmedia":[{"embeddable":true,"href":"https:\/\/www.cockerspanielclub.sk\/en\/wp-json\/wp\/v2\/media\/1979"}],"wp:attachment":[{"href":"https:\/\/www.cockerspanielclub.sk\/en\/wp-json\/wp\/v2\/media?parent=1154"}],"curies":[{"name":"wp","href":"https:\/\/api.w.org\/{rel}","templated":true}]}}