{"id":1147,"date":"2025-10-12T20:26:47","date_gmt":"2025-10-12T18:26:47","guid":{"rendered":"https:\/\/www.cockerspanielclub.sk\/cocker-and-pr"},"modified":"2025-12-15T13:15:55","modified_gmt":"2025-12-15T12:15:55","slug":"cocker-and-pr","status":"publish","type":"page","link":"https:\/\/www.cockerspanielclub.sk\/en\/cocker-and-pr","title":{"rendered":"Cocker and PR"},"content":{"rendered":"\t\t<div data-elementor-type=\"wp-page\" data-elementor-id=\"1147\" class=\"elementor elementor-1147 elementor-393\" data-elementor-post-type=\"page\">\n\t\t\t\t<div class=\"elementor-element elementor-element-1b73f67c e-flex e-con-boxed e-con e-parent\" data-id=\"1b73f67c\" data-element_type=\"container\" data-e-type=\"container\">\n\t\t\t\t\t<div class=\"e-con-inner\">\n\t\t\t\t<div class=\"elementor-element elementor-element-7b869caa elementor-widget elementor-widget-heading\" data-id=\"7b869caa\" data-element_type=\"widget\" data-e-type=\"widget\" data-widget_type=\"heading.default\">\n\t\t\t\t\t<h2 class=\"elementor-heading-title elementor-size-default\">Cocker and PR<\/h2>\t\t\t\t<\/div>\n\t\t\t\t<div class=\"elementor-element elementor-element-2208e664 elementor-widget elementor-widget-text-editor\" data-id=\"2208e664\" data-element_type=\"widget\" data-e-type=\"widget\" data-widget_type=\"text-editor.default\">\n\t\t\t\t\t\t\t\t\t<p>A profile of the English Cocker Spaniel breed is published in the dog and cat magazine. You can have the article <a href=\"https:\/\/www.cockerspanielclub.sk\/wp-content\/uploads\/2025\/09\/profil-anglicky-kokerspaniel.pdf\">download as a pdf.<\/a><\/p>\t\t\t\t\t\t\t\t<\/div>\n\t\t\t\t<div class=\"elementor-element elementor-element-27db2619 elementor-widget elementor-widget-image\" data-id=\"27db2619\" data-element_type=\"widget\" data-e-type=\"widget\" data-widget_type=\"image.default\">\n\t\t\t\t\t\t\t\t\t\t\t\t\t\t\t\t<a href=\"https:\/\/www.cockerspanielclub.sk\/wp-content\/uploads\/2025\/09\/profil-anglicky-kokerspaniel.pdf\">\n\t\t\t\t\t\t\t<img fetchpriority=\"high\" decoding=\"async\" width=\"1024\" height=\"748\" src=\"https:\/\/www.cockerspanielclub.sk\/wp-content\/uploads\/2025\/10\/profil-plemena-anglicky-koker.webp\" class=\"attachment-large size-large wp-image-1139\" alt=\"\" srcset=\"https:\/\/www.cockerspanielclub.sk\/wp-content\/uploads\/2025\/10\/profil-plemena-anglicky-koker.webp 1024w, https:\/\/www.cockerspanielclub.sk\/wp-content\/uploads\/2025\/10\/profil-plemena-anglicky-koker-768x561.webp 768w\" sizes=\"(max-width: 1024px) 100vw, 1024px\" \/>\t\t\t\t\t\t\t\t<\/a>\n\t\t\t\t\t\t\t\t\t\t\t\t\t\t\t<\/div>\n\t\t\t\t<div class=\"elementor-element elementor-element-1df0a974 elementor-widget elementor-widget-text-editor\" data-id=\"1df0a974\" data-element_type=\"widget\" data-e-type=\"widget\" data-widget_type=\"text-editor.default\">\n\t\t\t\t\t\t\t\t\t<p>Presentation of the breed English Cocker in kennel z Bojnick\u00fdch \u00fadolov.<\/p><p><iframe title=\"\u0160kola Zvierat - Anglick\u00fd Koker\u0161paniel\" width=\"800\" height=\"450\" src=\"https:\/\/www.youtube.com\/embed\/kOhHHj0lTys?feature=oembed\" frameborder=\"0\" allow=\"accelerometer; autoplay; clipboard-write; encrypted-media; gyroscope; picture-in-picture; web-share\" referrerpolicy=\"strict-origin-when-cross-origin\" allowfullscreen><\/iframe><\/p><p>Activities 2022 in Cockerspaniel Club in the Magazine <a href=\"https:\/\/www.cockerspanielclub.sk\/wp-content\/uploads\/2025\/12\/clanok-kokri.pdf\">Pes a ma\u010dka No 1\/2023.<\/a><\/p>\t\t\t\t\t\t\t\t<\/div>\n\t\t\t\t<div class=\"elementor-element elementor-element-22178caa elementor-widget elementor-widget-image\" data-id=\"22178caa\" data-element_type=\"widget\" data-e-type=\"widget\" data-widget_type=\"image.default\">\n\t\t\t\t\t\t\t\t\t\t\t\t\t\t\t\t<a href=\"https:\/\/www.cockerspanielclub.sk\/wp-content\/uploads\/2025\/09\/Clanok-Kokri-12023.pdf\">\n\t\t\t\t\t\t\t<img decoding=\"async\" width=\"786\" height=\"1111\" src=\"https:\/\/www.cockerspanielclub.sk\/wp-content\/uploads\/2025\/10\/pes-a-macka-aktivity-koker-klubu.avif\" class=\"attachment-large size-large wp-image-1140\" alt=\"\" srcset=\"https:\/\/www.cockerspanielclub.sk\/wp-content\/uploads\/2025\/10\/pes-a-macka-aktivity-koker-klubu.avif 786w, https:\/\/www.cockerspanielclub.sk\/wp-content\/uploads\/2025\/10\/pes-a-macka-aktivity-koker-klubu-768x1086.jpg 768w\" sizes=\"(max-width: 786px) 100vw, 786px\" \/>\t\t\t\t\t\t\t\t<\/a>\n\t\t\t\t\t\t\t\t\t\t\t\t\t\t\t<\/div>\n\t\t\t\t<div class=\"elementor-element elementor-element-701cb386 elementor-widget elementor-widget-text-editor\" data-id=\"701cb386\" data-element_type=\"widget\" data-e-type=\"widget\" data-widget_type=\"text-editor.default\">\n\t\t\t\t\t\t\t\t\t<p><strong><a href=\"https:\/\/www.cockerspanielclub.sk\/wp-content\/uploads\/2025\/12\/kynologicka-revue-aug-2013.pdf\">Profile of breed<\/a><\/strong> in Kynologicka revue year 2013. <\/p>\t\t\t\t\t\t\t\t<\/div>\n\t\t\t\t<div class=\"elementor-element elementor-element-30ccf45c elementor-widget elementor-widget-image\" data-id=\"30ccf45c\" data-element_type=\"widget\" data-e-type=\"widget\" data-widget_type=\"image.default\">\n\t\t\t\t\t\t\t\t\t\t\t\t\t\t\t<img decoding=\"async\" width=\"1024\" height=\"685\" src=\"https:\/\/www.cockerspanielclub.sk\/wp-content\/uploads\/2025\/10\/Kynologicka-revue-profil-plemena-2013.avif\" class=\"attachment-large size-large wp-image-1141\" alt=\"\" srcset=\"https:\/\/www.cockerspanielclub.sk\/wp-content\/uploads\/2025\/10\/Kynologicka-revue-profil-plemena-2013.avif 1024w, https:\/\/www.cockerspanielclub.sk\/wp-content\/uploads\/2025\/10\/Kynologicka-revue-profil-plemena-2013-768x514.jpg 768w\" sizes=\"(max-width: 1024px) 100vw, 1024px\" \/>\t\t\t\t\t\t\t\t\t\t\t\t\t\t\t<\/div>\n\t\t\t\t<div class=\"elementor-element elementor-element-3a77d53 elementor-widget elementor-widget-text-editor\" data-id=\"3a77d53\" data-element_type=\"widget\" data-e-type=\"widget\" data-widget_type=\"text-editor.default\">\n\t\t\t\t\t\t\t\t\t<p>Memmorial of Milena Sterbova &#8211; <strong><a href=\"http:\/\/www.devilinblack.eu\/\">http:\/\/www.devilinblack.eu<\/a><\/strong><\/p>\t\t\t\t\t\t\t\t<\/div>\n\t\t\t\t<div class=\"elementor-element elementor-element-42c8b47d elementor-widget elementor-widget-image\" data-id=\"42c8b47d\" data-element_type=\"widget\" data-e-type=\"widget\" data-widget_type=\"image.default\">\n\t\t\t\t\t\t\t\t\t\t\t\t\t\t\t<img loading=\"lazy\" decoding=\"async\" width=\"926\" height=\"608\" src=\"https:\/\/www.cockerspanielclub.sk\/wp-content\/uploads\/2025\/10\/Memorial-Mileny-Sterbovej.avif\" class=\"attachment-large size-large wp-image-1142\" alt=\"\" srcset=\"https:\/\/www.cockerspanielclub.sk\/wp-content\/uploads\/2025\/10\/Memorial-Mileny-Sterbovej.avif 926w, https:\/\/www.cockerspanielclub.sk\/wp-content\/uploads\/2025\/10\/Memorial-Mileny-Sterbovej-768x504.jpg 768w\" sizes=\"(max-width: 926px) 100vw, 926px\" \/>\t\t\t\t\t\t\t\t\t\t\t\t\t\t\t<\/div>\n\t\t\t\t<div class=\"elementor-element elementor-element-118c3722 elementor-widget elementor-widget-text-editor\" data-id=\"118c3722\" data-element_type=\"widget\" data-e-type=\"widget\" data-widget_type=\"text-editor.default\">\n\t\t\t\t\t\t\t\t\t<p>14.3.2010 on the biggest Dog Show in the world \u2013 CRUFT\u00b4S in England in Birmingham was presented the bitch from Slovak kennel for the first time in history. IVORY IVY zo Z\u00e1mock\u00e9ho parku was placed on 5th place. . Congratulation on great success!<\/p>\t\t\t\t\t\t\t\t<\/div>\n\t\t\t\t<div class=\"elementor-element elementor-element-40b0b6ec elementor-widget elementor-widget-image\" data-id=\"40b0b6ec\" data-element_type=\"widget\" data-e-type=\"widget\" data-widget_type=\"image.default\">\n\t\t\t\t\t\t\t\t\t\t\t\t\t\t\t<img loading=\"lazy\" decoding=\"async\" width=\"1019\" height=\"1271\" src=\"https:\/\/www.cockerspanielclub.sk\/wp-content\/uploads\/2025\/10\/Jana-Lancariova-v-TV.avif\" class=\"attachment-large size-large wp-image-1143\" alt=\"\" srcset=\"https:\/\/www.cockerspanielclub.sk\/wp-content\/uploads\/2025\/10\/Jana-Lancariova-v-TV.avif 1019w, https:\/\/www.cockerspanielclub.sk\/wp-content\/uploads\/2025\/10\/Jana-Lancariova-v-TV-768x958.jpg 768w\" sizes=\"(max-width: 1019px) 100vw, 1019px\" \/>\t\t\t\t\t\t\t\t\t\t\t\t\t\t\t<\/div>\n\t\t\t\t<div class=\"elementor-element elementor-element-18d60f41 elementor-widget elementor-widget-text-editor\" data-id=\"18d60f41\" data-element_type=\"widget\" data-e-type=\"widget\" data-widget_type=\"text-editor.default\">\n\t\t\t\t\t\t\t\t\t<p><a href=\"https:\/\/www.perfekt.sk\/\">Perfekt<\/a> Perfekt has published a new book <strong>\u017divot na \u0161tyroch labk\u00e1ch<\/strong> with the stories of chocolate Cocker Gordon. The author is Ing. M\u00e1ria Vrkoslavov\u00e1, PhD.<\/p>\t\t\t\t\t\t\t\t<\/div>\n\t\t\t\t<div class=\"elementor-element elementor-element-56a0b6c0 elementor-widget elementor-widget-text-editor\" data-id=\"56a0b6c0\" data-element_type=\"widget\" data-e-type=\"widget\" data-widget_type=\"text-editor.default\">\n\t\t\t\t\t\t\t\t\t<p><a href=\"http:\/\/www.tobistar.eu\/wp-content\/uploads\/Clanok-polovnictvo.pdf\" data-wplink-edit=\"true\"><strong>Profile of breed<\/strong><\/a> in Magazine Po\u013eovn\u00edctvo a ryb\u00e1rstvo 10\/2010.<\/p>\t\t\t\t\t\t\t\t<\/div>\n\t\t\t\t<div class=\"elementor-element elementor-element-30e73855 elementor-widget elementor-widget-image\" data-id=\"30e73855\" data-element_type=\"widget\" data-e-type=\"widget\" data-widget_type=\"image.default\">\n\t\t\t\t\t\t\t\t\t\t\t\t\t\t\t<img loading=\"lazy\" decoding=\"async\" width=\"786\" height=\"550\" src=\"https:\/\/www.cockerspanielclub.sk\/wp-content\/uploads\/2025\/10\/profil-plemena-Maly-pes-s-velkym-srdcom.avif\" class=\"attachment-large size-large wp-image-1144\" alt=\"\" srcset=\"https:\/\/www.cockerspanielclub.sk\/wp-content\/uploads\/2025\/10\/profil-plemena-Maly-pes-s-velkym-srdcom.avif 786w, https:\/\/www.cockerspanielclub.sk\/wp-content\/uploads\/2025\/10\/profil-plemena-Maly-pes-s-velkym-srdcom-768x537.jpg 768w\" sizes=\"(max-width: 786px) 100vw, 786px\" \/>\t\t\t\t\t\t\t\t\t\t\t\t\t\t\t<\/div>\n\t\t\t\t<div class=\"elementor-element elementor-element-874b4df elementor-widget elementor-widget-text-editor\" data-id=\"874b4df\" data-element_type=\"widget\" data-e-type=\"widget\" data-widget_type=\"text-editor.default\">\n\t\t\t\t\t\t\t\t\t<p>The breeder Mrs. Jana Lan\u010dari\u010dov\u00e1 made a nice advertisement for our favorite breed with her dogs from the kennel \u201ezo Z\u00e1mock\u00e9ho parku\u201c by presenting the breed in the TV programm <strong>Rann\u00fd magaz\u00edn STV 2.3.2010.<\/strong><\/p>\t\t\t\t\t\t\t\t<\/div>\n\t\t\t\t<div class=\"elementor-element elementor-element-6302ac99 elementor-widget elementor-widget-image\" data-id=\"6302ac99\" data-element_type=\"widget\" data-e-type=\"widget\" data-widget_type=\"image.default\">\n\t\t\t\t\t\t\t\t\t\t\t\t\t\t\t<img loading=\"lazy\" decoding=\"async\" width=\"960\" height=\"608\" src=\"https:\/\/www.cockerspanielclub.sk\/wp-content\/uploads\/2025\/10\/Cayenne-with-her-puppies-litter-K.avif\" class=\"attachment-large size-large wp-image-1145\" alt=\"\" srcset=\"https:\/\/www.cockerspanielclub.sk\/wp-content\/uploads\/2025\/10\/Cayenne-with-her-puppies-litter-K.avif 960w, https:\/\/www.cockerspanielclub.sk\/wp-content\/uploads\/2025\/10\/Cayenne-with-her-puppies-litter-K-768x486.jpg 768w\" sizes=\"(max-width: 960px) 100vw, 960px\" \/>\t\t\t\t\t\t\t\t\t\t\t\t\t\t\t<\/div>\n\t\t\t\t<div class=\"elementor-element elementor-element-32dabf98 elementor-widget elementor-widget-text-editor\" data-id=\"32dabf98\" data-element_type=\"widget\" data-e-type=\"widget\" data-widget_type=\"text-editor.default\">\n\t\t\t\t\t\t\t\t\t<p><a href=\"https:\/\/www.cockerspanielclub.sk\/wp-content\/uploads\/2025\/12\/profil-korer-kr-42008.pdf\"><strong>Profile of breed<\/strong><\/a> in Magazine Kynologick\u00e1 revue 04\/2008 <\/p>\t\t\t\t\t\t\t\t<\/div>\n\t\t\t\t<div class=\"elementor-element elementor-element-4eee4d60 elementor-widget elementor-widget-image\" data-id=\"4eee4d60\" data-element_type=\"widget\" data-e-type=\"widget\" data-widget_type=\"image.default\">\n\t\t\t\t\t\t\t\t\t\t\t\t\t\t\t<img loading=\"lazy\" decoding=\"async\" width=\"954\" height=\"636\" src=\"https:\/\/www.cockerspanielclub.sk\/wp-content\/uploads\/2025\/10\/Kynologicka-revue-profil-kokra-2008.avif\" class=\"attachment-large size-large wp-image-1146\" alt=\"\" srcset=\"https:\/\/www.cockerspanielclub.sk\/wp-content\/uploads\/2025\/10\/Kynologicka-revue-profil-kokra-2008.avif 954w, https:\/\/www.cockerspanielclub.sk\/wp-content\/uploads\/2025\/10\/Kynologicka-revue-profil-kokra-2008-768x512.jpg 768w\" sizes=\"(max-width: 954px) 100vw, 954px\" \/>\t\t\t\t\t\t\t\t\t\t\t\t\t\t\t<\/div>\n\t\t\t\t\t<\/div>\n\t\t\t\t<\/div>\n\t\t\t\t<\/div>\n\t\t","protected":false},"excerpt":{"rendered":"<p>Cocker and PR A profile of the English Cocker Spaniel breed is published in the dog and cat magazine. You can have the article download as a pdf. Presentation of the breed English Cocker in kennel z Bojnick\u00fdch \u00fadolov. Activities 2022 in Cockerspaniel Club in the Magazine Pes a ma\u010dka No 1\/2023. Profile of breed [&hellip;]<\/p>\n","protected":false},"author":1,"featured_media":0,"parent":0,"menu_order":0,"comment_status":"closed","ping_status":"closed","template":"","meta":{"iawp_total_views":26,"footnotes":""},"class_list":["post-1147","page","type-page","status-publish","hentry"],"_links":{"self":[{"href":"https:\/\/www.cockerspanielclub.sk\/en\/wp-json\/wp\/v2\/pages\/1147","targetHints":{"allow":["GET"]}}],"collection":[{"href":"https:\/\/www.cockerspanielclub.sk\/en\/wp-json\/wp\/v2\/pages"}],"about":[{"href":"https:\/\/www.cockerspanielclub.sk\/en\/wp-json\/wp\/v2\/types\/page"}],"author":[{"embeddable":true,"href":"https:\/\/www.cockerspanielclub.sk\/en\/wp-json\/wp\/v2\/users\/1"}],"replies":[{"embeddable":true,"href":"https:\/\/www.cockerspanielclub.sk\/en\/wp-json\/wp\/v2\/comments?post=1147"}],"version-history":[{"count":0,"href":"https:\/\/www.cockerspanielclub.sk\/en\/wp-json\/wp\/v2\/pages\/1147\/revisions"}],"wp:attachment":[{"href":"https:\/\/www.cockerspanielclub.sk\/en\/wp-json\/wp\/v2\/media?parent=1147"}],"curies":[{"name":"wp","href":"https:\/\/api.w.org\/{rel}","templated":true}]}}